{"id":407,"date":"2022-11-17T13:23:46","date_gmt":"2022-11-17T12:23:46","guid":{"rendered":"http:\/\/www.weck-aeby.ch\/accueil\/"},"modified":"2022-12-21T08:21:47","modified_gmt":"2022-12-21T07:21:47","slug":"accueil","status":"publish","type":"page","link":"https:\/\/www.weck-aeby.ch\/en\/","title":{"rendered":"Home"},"content":{"rendered":"<div class=\"wpb-content-wrapper\"><p>[vc_row full_width=&#8221;stretch_row&#8221; el_class=&#8221;bg-primary-color&#8221;][vc_column][vc_row_inner][vc_column_inner width=&#8221;2\/3&#8243;][vc_column_text]<\/p>\n<h2>Our latest favorites<\/h2>\n<p>[\/vc_column_text][\/vc_column_inner][vc_column_inner width=&#8221;1\/3&#8243;]<div class='slider-btn text-end'><a href='javascript:void(0);' class='inactif prev'><i class='fa-solid fa-chevron-left'><\/i><\/a><a href='javascript:void(0);' class='actif next'><i class='fa-solid fa-chevron-right'><\/i><\/a><\/div>[\/vc_column_inner][\/vc_row_inner][vc_row_inner][vc_column_inner width=&#8221;3\/12&#8243;][vc_column_text]Thanks to his market knowledge, WECK-AEBY is your privileged partner when it comes to renting or buying a property.[\/vc_column_text][\/vc_column_inner][vc_column_inner width=&#8221;9\/12&#8243;]<div class='slider-coup-coeur'><div class='carousel-cell'><div class='coup-coeur'><div class='coup-coeur-image-info'>Rental<\/div><a href='https:\/\/www.weck-aeby.ch\/objet\/\/appartement-de-3.5-pieces-a-louer-a-bulle-!-rent-bulle\/?pk=85957841'><\/a><div class='coup-coeur-image' style='background-image: url(https:\/\/flatfox.ch\/thumb\/ff\/2026\/04\/hwnfex1798ajjnyeir3kzp6cp4xl9gsd5jedfzlg3dlzj5ksx2.jpg?signature=3R0Dox0tu7wVQZfnI8ZjjrDgx4OHfA7FnfM62bq38tQ);'><\/div><div class='coup-coeur-infos'><div class='coup-coeur-titre'>Appartement de 3.5 pi\u00e8ces \u00e0 louer \u00e0 Bulle !<\/div><div class='coup-coeur-localite-prix'><div class='coup-coeur-localite-prix-localite'>1630 Bulle<\/div><\/div><div class='coup-coeur-localite-prix'><div class='coup-coeur-localite-prix-prix'>Prix sur demande<\/div><\/div><\/div><\/div><\/div><div class='carousel-cell'><div class='coup-coeur'><div class='coup-coeur-image-info'>Rental<\/div><a href='https:\/\/www.weck-aeby.ch\/objet\/\/appartement-de-3.5-pieces-au-4eme-etage-avec-loggia-rent-fribourg\/?pk=85957578'><\/a><div class='coup-coeur-image' style='background-image: url(https:\/\/flatfox.ch\/thumb\/ff\/2026\/04\/nlon254oaj878cyrz5f8ikzem9fbk83ftt9ok4mth18bdjidol.jpg?signature=xFAqtqbwzDvPmn5sHUsYh_qfprETYYuZQ0lapubS2V0);'><\/div><div class='coup-coeur-infos'><div class='coup-coeur-titre'>Appartement de 3.5 pi\u00e8ces au 4\u00e8me \u00e9tage avec loggia<\/div><div class='coup-coeur-localite-prix'><div class='coup-coeur-localite-prix-localite'>1700 Fribourg<\/div><\/div><div class='coup-coeur-localite-prix'><div class='coup-coeur-localite-prix-prix'>CHF 2'080<\/div><\/div><\/div><\/div><\/div><div class='carousel-cell'><div class='coup-coeur'><div class='coup-coeur-image-info'>Rental<\/div><a href='https:\/\/www.weck-aeby.ch\/objet\/\/appartement-de-2.5-pieces-au-5eme-etage-a-louer-rent-villars-sur-glane\/?pk=85957577'><\/a><div class='coup-coeur-image' style='background-image: url(https:\/\/flatfox.ch\/thumb\/ff\/2026\/04\/c04qirw9iwx9linotxhrwpyxry3jokm1viy0fe1z5v745bwapx.jpg?signature=ErqwE-iooL60-NgiyQEy1HoSAf0OmuHwFJrUh_NLoVA);'><\/div><div class='coup-coeur-infos'><div class='coup-coeur-titre'>Appartement de 2.5 pi\u00e8ces au 5\u00e8me \u00e9tage \u00e0 louer<\/div><div class='coup-coeur-localite-prix'><div class='coup-coeur-localite-prix-localite'>1752 Villars-sur-Gl\u00e2ne<\/div><\/div><div class='coup-coeur-localite-prix'><div class='coup-coeur-localite-prix-prix'>CHF 1'450<\/div><\/div><\/div><\/div><\/div><div class='carousel-cell'><div class='coup-coeur'><div class='coup-coeur-image-info'>Rental<\/div><a href='https:\/\/www.weck-aeby.ch\/objet\/\/appartement-de-3.5-pieces-a-louer-rent-bulle\/?pk=85957576'><\/a><div class='coup-coeur-image' style='background-image: url(https:\/\/flatfox.ch\/thumb\/ff\/2026\/04\/fsnqn0412lbkb5k9854olw77jt1ggtvtgxkc85to7lkacs8z51.jpg?signature=znHjKP7xKhPAMfUteaIeObK4fdv7WlwZC9lIwrcOaMI);'><\/div><div class='coup-coeur-infos'><div class='coup-coeur-titre'>Appartement de 3.5 pi\u00e8ces \u00e0 louer<\/div><div class='coup-coeur-localite-prix'><div class='coup-coeur-localite-prix-localite'>1630 Bulle<\/div><\/div><div class='coup-coeur-localite-prix'><div class='coup-coeur-localite-prix-prix'>CHF 2'010<\/div><\/div><\/div><\/div><\/div><div class='carousel-cell'><div class='coup-coeur'><div class='coup-coeur-image-info'>Rental<\/div><a href='https:\/\/www.weck-aeby.ch\/objet\/\/3,5-zimmerwohnung-im-3.-stockwerk-rent-murten\/?pk=85957571'><\/a><div class='coup-coeur-image' style='background-image: url(https:\/\/flatfox.ch\/thumb\/ff\/2026\/04\/rb83aqjqi6icdg685dib5t1z6hn4xosm5lzffw7lk5n91axjc9.jpg?signature=3OOh-E77U_gXXC3WamG9dh3m2ywalDhvVIPYBzJpDDM);'><\/div><div class='coup-coeur-infos'><div class='coup-coeur-titre'>3,5 Zimmerwohnung im 3. Stockwerk<\/div><div class='coup-coeur-localite-prix'><div class='coup-coeur-localite-prix-localite'>3280 Murten<\/div><\/div><div class='coup-coeur-localite-prix'><div class='coup-coeur-localite-prix-prix'>Prix sur demande<\/div><\/div><\/div><\/div><\/div><div class='carousel-cell'><div class='coup-coeur'><div class='coup-coeur-image-info'>Rental<\/div><a href='https:\/\/www.weck-aeby.ch\/objet\/\/appartement-de-3.5-pieces-a-chatel-st-denis-rent-chatel-st-denis\/?pk=85957570'><\/a><div class='coup-coeur-image' style='background-image: url(https:\/\/flatfox.ch\/thumb\/ff\/2026\/04\/a0bnh0720bde244k3xo4er3hlsk2utqnwellimwrt9hujyu6u5.jpg?signature=xv60Rd6HwCHLuqVjiTef2rHyAAxPdr-pjSvvtl1L0Qs);'><\/div><div class='coup-coeur-infos'><div class='coup-coeur-titre'>Appartement de 3.5 pi\u00e8ces \u00e0 Ch\u00e2tel-St-Denis<\/div><div class='coup-coeur-localite-prix'><div class='coup-coeur-localite-prix-localite'>1618 Ch\u00e2tel-St-Denis<\/div><\/div><div class='coup-coeur-localite-prix'><div class='coup-coeur-localite-prix-prix'>Prix sur demande<\/div><\/div><\/div><\/div><\/div><div class='carousel-cell'><div class='coup-coeur'><div class='coup-coeur-image-info'>Rental<\/div><a href='https:\/\/www.weck-aeby.ch\/objet\/\/appartement-rent-bulle\/?pk=85957569'><\/a><div class='coup-coeur-image' style='background-image: url(https:\/\/flatfox.ch\/thumb\/ff\/2026\/04\/ezln1fat47pcvcclesaq5zl8di67ev3vol6j8tthfe20cwsjlq.jpg?signature=G_atIGASref4lkYADcJWKKKkRbR_CQ8l8F1mhnsIA9U);'><\/div><div class='coup-coeur-infos'><div class='coup-coeur-titre'>APPARTEMENT<\/div><div class='coup-coeur-localite-prix'><div class='coup-coeur-localite-prix-localite'>1630 Bulle<\/div><\/div><div class='coup-coeur-localite-prix'><div class='coup-coeur-localite-prix-prix'>Prix sur demande<\/div><\/div><\/div><\/div><\/div><div class='carousel-cell'><div class='coup-coeur'><div class='coup-coeur-image-info'>Rental<\/div><a href='https:\/\/www.weck-aeby.ch\/objet\/\/appartement-de-4.5-pieces-a-louer-a-fribourg-rent-fribourg\/?pk=85957568'><\/a><div class='coup-coeur-image' style='background-image: url(https:\/\/flatfox.ch\/thumb\/ff\/2026\/04\/l9kypbp7wuhdilruhxhinjwtyb691tyct5d0lsib7dgq7vu1o7.jpg?signature=G8iGTxEFa3mkL0YU3JZOR04YFSBBtF1maG0BkjAuTEo);'><\/div><div class='coup-coeur-infos'><div class='coup-coeur-titre'>Appartement de 4.5 pi\u00e8ces \u00e0 louer \u00e0 Fribourg<\/div><div class='coup-coeur-localite-prix'><div class='coup-coeur-localite-prix-localite'>1700 Fribourg<\/div><\/div><div class='coup-coeur-localite-prix'><div class='coup-coeur-localite-prix-prix'>Prix sur demande<\/div><\/div><\/div><\/div><\/div><div class='carousel-cell'><div class='coup-coeur'><div class='coup-coeur-image-info'>Rental<\/div><a href='https:\/\/www.weck-aeby.ch\/objet\/\/appartement-4.5-pieces-au-rez-de-chaussee-rent-fribourg\/?pk=85957567'><\/a><div class='coup-coeur-image' style='background-image: url(https:\/\/flatfox.ch\/thumb\/ff\/2026\/04\/1t8yxmxmqhem86bjybul0tc8w7bcfo404ywijphqd3iysibai3.jpg?signature=b_QPfwGISmohsZHYZ2TFbeRx_7d4N4Rhm_puyuQQVvQ);'><\/div><div class='coup-coeur-infos'><div class='coup-coeur-titre'>Appartement 4.5 pi\u00e8ces au rez-de-chauss\u00e9e<\/div><div class='coup-coeur-localite-prix'><div class='coup-coeur-localite-prix-localite'>1700 Fribourg<\/div><\/div><div class='coup-coeur-localite-prix'><div class='coup-coeur-localite-prix-prix'>Prix sur demande<\/div><\/div><\/div><\/div><\/div><\/div>[\/vc_column_inner][\/vc_row_inner][\/vc_column][\/vc_row][vc_row el_class=&#8221;services&#8221;][vc_column][vc_row_inner][vc_column_inner width=&#8221;2\/3&#8243;][vc_column_text]<\/p>\n<h2>Our services<\/h2>\n<p>[\/vc_column_text][\/vc_column_inner][vc_column_inner width=&#8221;1\/3&#8243;][vc_column_text]<\/p>\n<p style=\"text-align: right;\"><a class=\"button\" href=\"http:\/\/www.weck-aeby.ch\/en\/our-services\/\">All our services<\/a><\/p>\n<p>[\/vc_column_text][\/vc_column_inner][\/vc_row_inner][vc_row_inner][vc_column_inner]<div class='services'><div class='row'><div class='col-xl-3 col-lg-4'><div class='service'><a href='\/en\/our-services#administration'><\/a><div class='service-titre'>CONDOMINIUM ADMINISTRATION<\/div><div class='service-description'>Thanks to our interdisciplinary expertise, we can guarantee you comprehensive management in the administrative, technical, financial, energy and legal areas of tenancy law.<\/div><div class='service-lien'><a href='\/en\/our-services#administration' class='service-lien-lien'>_ Read more<\/a><\/div><div class='service-icone'><img src='https:\/\/www.weck-aeby.ch\/wp-content\/uploads\/2022\/11\/icone_administration.png' \/><\/div><\/div><\/div><div class='col-xl-3 col-lg-4'><div class='service'><a href='\/en\/our-services#gerance'><\/a><div class='service-titre'>PROPERTY MANAGEMENT<\/div><div class='service-description'>Thanks to our interdisciplinary expertise, we can guarantee you comprehensive management in the administrative, technical, financial, energy and legal areas of tenancy law.<\/div><div class='service-lien'><a href='\/en\/our-services#gerance' class='service-lien-lien'>_ Read more<\/a><\/div><div class='service-icone'><img src='https:\/\/www.weck-aeby.ch\/wp-content\/uploads\/2022\/11\/icone_gerance.png' \/><\/div><\/div><\/div><div class='col-xl-3 col-lg-4'><div class='service'><a href='\/en\/our-services#management'><\/a><div class='service-titre'>center  management<\/div><div class='service-description'>We support you from the planning stage through site selection and construction to the opening of your centre. Our team ensures the smooth operation and well-being of your tenants.<\/div><div class='service-lien'><a href='\/en\/our-services#management' class='service-lien-lien'>_ Read more<\/a><\/div><div class='service-icone'><img src='https:\/\/www.weck-aeby.ch\/wp-content\/uploads\/2022\/11\/icone_center.png' \/><\/div><\/div><\/div><div class='col-xl-3 col-lg-4'><div class='service'><a href='\/en\/our-services#courtage'><\/a><div class='service-titre'>BROKERAGE<\/div><div class='service-description'>We offer our principals our extensive experience of the local market, our vast network of potential buyers and our property marketing know-how.<\/div><div class='service-lien'><a href='\/en\/our-services#courtage' class='service-lien-lien'>_ Read more<\/a><\/div><div class='service-icone'><img src='https:\/\/www.weck-aeby.ch\/wp-content\/uploads\/2022\/12\/icon-courtage.png' \/><\/div><\/div><\/div><\/div><\/div>[\/vc_column_inner][\/vc_row_inner][\/vc_column][\/vc_row][vc_row el_class=&#8221;pt-0 actualites&#8221;][vc_column][vc_row_inner][vc_column_inner width=&#8221;2\/3&#8243;][vc_column_text]<\/p>\n<h2>News<\/h2>\n<p>[\/vc_column_text][\/vc_column_inner][vc_column_inner width=&#8221;1\/3&#8243;][vc_column_text]<\/p>\n<p style=\"text-align: right;\"><a class=\"button\" href=\"http:\/\/www.weck-aeby.ch\/en\/news\/\">All the news<\/a><\/p>\n<p>[\/vc_column_text][\/vc_column_inner][\/vc_row_inner][vc_row_inner][vc_column_inner]<div class='actualites row'><div class='col-lg-3'><div class='actualite'><img src='https:\/\/www.weck-aeby.ch\/wp-content\/uploads\/2025\/03\/Image-news_Brevet-1.png' \/><div class='actualite-infos'><div class='actualite-title'>Certified!<\/div><div class='actualite-resume'><p>We are delighted to warmly congratulate Mr. Daniel Guenin on obtaining his federal diploma as a property manager. This great achievement reflects his commitment and perseverance\u2014qualities that inspire our entire team. Congratulations to him!<\/p>\n<\/div><\/div><\/div><\/div><div class='col-lg-3'><div class='actualite'><img src='https:\/\/www.weck-aeby.ch\/wp-content\/uploads\/2024\/06\/Image-news_Immobase-2024.png' \/><div class='actualite-infos'><div class='actualite-title'>Successful Immobase training course<\/div><div class='actualite-resume'><p>We would like to congratulate our colleague Miradije Maiq on successfully completing her Immobase training course organized by USPI.<\/p>\n<\/div><\/div><\/div><\/div><div class='col-lg-3'><div class='actualite'><img src='https:\/\/www.weck-aeby.ch\/wp-content\/uploads\/2025\/12\/Housetrap-1-1.png' \/><div class='actualite-infos'><div class='actualite-title'>Jubilee celebrations<\/div><div class='actualite-resume'><p>We had the pleasure of celebrating these anniversaries at a convivial event held at the HouseTrap Escape Room in Bulle. A big thank you to all our employees for their loyalty, commitment, and the trust they have placed in us over the years.<\/p>\n<\/div><\/div><\/div><\/div><div class='col-lg-3'><div class='actualite'><img src='https:\/\/www.weck-aeby.ch\/wp-content\/uploads\/2024\/06\/Image-news_-reussite-Immobase-EMS-et-NV.png' \/><div class='actualite-infos'><div class='actualite-title'>Bravo!<\/div><div class='actualite-resume'><p>Bravo to Mrs. Brigite Ribeiro Varela from the rental service for successfully completing the Immobail training by USPI.<\/p>\n<\/div><\/div><\/div><\/div><\/div>[\/vc_column_inner][\/vc_row_inner][\/vc_column][\/vc_row]<\/p>\n<\/div>","protected":false},"excerpt":{"rendered":"<p>[vc_row full_width=&#8221;stretch_row&#8221; el_class=&#8221;bg-primary-color&#8221;][vc_column][vc_row_inner][vc_column_inner width=&#8221;2\/3&#8243;][vc_column_text] Our latest favorites [\/vc_column_text][\/vc_column_inner][vc_column_inner width=&#8221;1\/3&#8243;][\/vc_column_inner][\/vc_row_inner][vc_row_inner][vc_column_inner width=&#8221;3\/12&#8243;][vc_column_text]Thanks to his market knowledge, WECK-AEBY is your privileged partner when it comes to renting or buying a property.[\/vc_column_text][\/vc_column_inner][vc_column_inner width=&#8221;9\/12&#8243;][\/vc_column_inner][\/vc_row_inner][\/vc_column][\/vc_row][vc_row el_class=&#8221;services&#8221;][vc_column][vc_row_inner][vc_column_inner width=&#8221;2\/3&#8243;][vc_column_text] Our services [\/vc_column_text][\/vc_column_inner][vc_column_inner width=&#8221;1\/3&#8243;][vc_column_text] All our services [\/vc_column_text][\/vc_column_inner][\/vc_row_inner][vc_row_inner][vc_column_inner][\/vc_column_inner][\/vc_row_inner][\/vc_column][\/vc_row][vc_row el_class=&#8221;pt-0 actualites&#8221;][vc_column][vc_row_inner][vc_column_inner width=&#8221;2\/3&#8243;][vc_column_text] News [\/vc_column_text][\/vc_column_inner][vc_column_inner width=&#8221;1\/3&#8243;][vc_column_text] All the news [\/vc_column_text][\/vc_column_inner][\/vc_row_inner][vc_row_inner][vc_column_inner][\/vc_column_inner][\/vc_row_inner][\/vc_column][\/vc_row]<\/p>\n","protected":false},"author":1,"featured_media":0,"parent":0,"menu_order":29,"comment_status":"closed","ping_status":"closed","template":"","meta":{"_acf_changed":false,"inline_featured_image":false,"footnotes":""},"class_list":["post-407","page","type-page","status-publish","hentry"],"acf":[],"yoast_head":"<!-- This site is optimized with the Yoast SEO plugin v25.8 - https:\/\/yoast.com\/wordpress\/plugins\/seo\/ -->\n<title>Welcome | Weck, Aeby et Cie SA | Fribourg - Lausanne<\/title>\n<meta name=\"description\" content=\"Weck, Aeby et Cie SA offers real estate and services in suisse romande. Find all our offers for sale and\/or rent.\" \/>\n<meta name=\"robots\" content=\"index, follow, max-snippet:-1, max-image-preview:large, max-video-preview:-1\" \/>\n<link rel=\"canonical\" href=\"http:\/\/www.weck-aeby.ch\/en\/\" \/>\n<meta property=\"og:locale\" content=\"en_US\" \/>\n<meta property=\"og:type\" content=\"article\" \/>\n<meta property=\"og:title\" content=\"Welcome | Weck, Aeby et Cie SA | Fribourg - Lausanne\" \/>\n<meta property=\"og:description\" content=\"Weck, Aeby et Cie SA offers real estate and services in suisse romande. Find all our offers for sale and\/or rent.\" \/>\n<meta property=\"og:url\" content=\"http:\/\/www.weck-aeby.ch\/en\/\" \/>\n<meta property=\"og:site_name\" content=\"Weck, Aeby et Cie SA | Fribourg - Lausanne\" \/>\n<meta property=\"article:modified_time\" content=\"2022-12-21T07:21:47+00:00\" \/>\n<meta name=\"twitter:card\" content=\"summary_large_image\" \/>\n<meta name=\"twitter:label1\" content=\"Est. reading time\" \/>\n\t<meta name=\"twitter:data1\" content=\"1 minute\" \/>\n<script type=\"application\/ld+json\" class=\"yoast-schema-graph\">{\"@context\":\"https:\/\/schema.org\",\"@graph\":[{\"@type\":\"WebPage\",\"@id\":\"http:\/\/www.weck-aeby.ch\/en\/\",\"url\":\"http:\/\/www.weck-aeby.ch\/en\/\",\"name\":\"Welcome | Weck, Aeby et Cie SA | Fribourg - Lausanne\",\"isPartOf\":{\"@id\":\"https:\/\/www.weck-aeby.ch\/#website\"},\"datePublished\":\"2022-11-17T12:23:46+00:00\",\"dateModified\":\"2022-12-21T07:21:47+00:00\",\"description\":\"Weck, Aeby et Cie SA offers real estate and services in suisse romande. Find all our offers for sale and\/or rent.\",\"breadcrumb\":{\"@id\":\"http:\/\/www.weck-aeby.ch\/en\/#breadcrumb\"},\"inLanguage\":\"en-US\",\"potentialAction\":[{\"@type\":\"ReadAction\",\"target\":[\"http:\/\/www.weck-aeby.ch\/en\/\"]}]},{\"@type\":\"BreadcrumbList\",\"@id\":\"http:\/\/www.weck-aeby.ch\/en\/#breadcrumb\",\"itemListElement\":[{\"@type\":\"ListItem\",\"position\":1,\"name\":\"Accueil\",\"item\":\"http:\/\/www.weck-aeby.ch\/en\/\"},{\"@type\":\"ListItem\",\"position\":2,\"name\":\"Home\"}]},{\"@type\":\"WebSite\",\"@id\":\"https:\/\/www.weck-aeby.ch\/#website\",\"url\":\"https:\/\/www.weck-aeby.ch\/\",\"name\":\"Weck, Aeby et Cie SA | Fribourg - Lausanne\",\"description\":\"\",\"potentialAction\":[{\"@type\":\"SearchAction\",\"target\":{\"@type\":\"EntryPoint\",\"urlTemplate\":\"https:\/\/www.weck-aeby.ch\/?s={search_term_string}\"},\"query-input\":{\"@type\":\"PropertyValueSpecification\",\"valueRequired\":true,\"valueName\":\"search_term_string\"}}],\"inLanguage\":\"en-US\"}]}<\/script>\n<!-- \/ Yoast SEO plugin. -->","yoast_head_json":{"title":"Welcome | Weck, Aeby et Cie SA | Fribourg - Lausanne","description":"Weck, Aeby et Cie SA offers real estate and services in suisse romande. Find all our offers for sale and\/or rent.","robots":{"index":"index","follow":"follow","max-snippet":"max-snippet:-1","max-image-preview":"max-image-preview:large","max-video-preview":"max-video-preview:-1"},"canonical":"http:\/\/www.weck-aeby.ch\/en\/","og_locale":"en_US","og_type":"article","og_title":"Welcome | Weck, Aeby et Cie SA | Fribourg - Lausanne","og_description":"Weck, Aeby et Cie SA offers real estate and services in suisse romande. Find all our offers for sale and\/or rent.","og_url":"http:\/\/www.weck-aeby.ch\/en\/","og_site_name":"Weck, Aeby et Cie SA | Fribourg - Lausanne","article_modified_time":"2022-12-21T07:21:47+00:00","twitter_card":"summary_large_image","twitter_misc":{"Est. reading time":"1 minute"},"schema":{"@context":"https:\/\/schema.org","@graph":[{"@type":"WebPage","@id":"http:\/\/www.weck-aeby.ch\/en\/","url":"http:\/\/www.weck-aeby.ch\/en\/","name":"Welcome | Weck, Aeby et Cie SA | Fribourg - Lausanne","isPartOf":{"@id":"https:\/\/www.weck-aeby.ch\/#website"},"datePublished":"2022-11-17T12:23:46+00:00","dateModified":"2022-12-21T07:21:47+00:00","description":"Weck, Aeby et Cie SA offers real estate and services in suisse romande. Find all our offers for sale and\/or rent.","breadcrumb":{"@id":"http:\/\/www.weck-aeby.ch\/en\/#breadcrumb"},"inLanguage":"en-US","potentialAction":[{"@type":"ReadAction","target":["http:\/\/www.weck-aeby.ch\/en\/"]}]},{"@type":"BreadcrumbList","@id":"http:\/\/www.weck-aeby.ch\/en\/#breadcrumb","itemListElement":[{"@type":"ListItem","position":1,"name":"Accueil","item":"http:\/\/www.weck-aeby.ch\/en\/"},{"@type":"ListItem","position":2,"name":"Home"}]},{"@type":"WebSite","@id":"https:\/\/www.weck-aeby.ch\/#website","url":"https:\/\/www.weck-aeby.ch\/","name":"Weck, Aeby et Cie SA | Fribourg - Lausanne","description":"","potentialAction":[{"@type":"SearchAction","target":{"@type":"EntryPoint","urlTemplate":"https:\/\/www.weck-aeby.ch\/?s={search_term_string}"},"query-input":{"@type":"PropertyValueSpecification","valueRequired":true,"valueName":"search_term_string"}}],"inLanguage":"en-US"}]}},"_links":{"self":[{"href":"https:\/\/www.weck-aeby.ch\/en\/wp-json\/wp\/v2\/pages\/407","targetHints":{"allow":["GET"]}}],"collection":[{"href":"https:\/\/www.weck-aeby.ch\/en\/wp-json\/wp\/v2\/pages"}],"about":[{"href":"https:\/\/www.weck-aeby.ch\/en\/wp-json\/wp\/v2\/types\/page"}],"author":[{"embeddable":true,"href":"https:\/\/www.weck-aeby.ch\/en\/wp-json\/wp\/v2\/users\/1"}],"replies":[{"embeddable":true,"href":"https:\/\/www.weck-aeby.ch\/en\/wp-json\/wp\/v2\/comments?post=407"}],"version-history":[{"count":14,"href":"https:\/\/www.weck-aeby.ch\/en\/wp-json\/wp\/v2\/pages\/407\/revisions"}],"predecessor-version":[{"id":742,"href":"https:\/\/www.weck-aeby.ch\/en\/wp-json\/wp\/v2\/pages\/407\/revisions\/742"}],"wp:attachment":[{"href":"https:\/\/www.weck-aeby.ch\/en\/wp-json\/wp\/v2\/media?parent=407"}],"curies":[{"name":"wp","href":"https:\/\/api.w.org\/{rel}","templated":true}]}}