{"id":392,"date":"2022-11-21T15:33:57","date_gmt":"2022-11-21T14:33:57","guid":{"rendered":"http:\/\/www.weck-aeby.ch\/acheter\/"},"modified":"2025-03-14T16:52:00","modified_gmt":"2025-03-14T15:52:00","slug":"buy","status":"publish","type":"page","link":"https:\/\/www.weck-aeby.ch\/en\/buy\/","title":{"rendered":"Buy your property"},"content":{"rendered":"<div class=\"wpb-content-wrapper\"><p>[vc_row css=&#8221;.vc_custom_1681983441535{padding-top: 0px !important;}&#8221;][vc_column]<div class='liste pagi'><div class='row'><div class=\"pagination\"><span class=\"current\">1<\/span><\/div><\/div><\/div>[vc_column_text][casawp_properties posts_per_page=&#8221;15&#8243;][\/vc_column_text]<div class='liste pagi'><div class='row'><div class=\"pagination\"><span class=\"current\">1<\/span><\/div><\/div><\/div>[\/vc_column][\/vc_row]<\/p>\n<\/div>","protected":false},"excerpt":{"rendered":"<p>[vc_row css=&#8221;.vc_custom_1681983441535{padding-top: 0px !important;}&#8221;][vc_column][vc_column_text][casawp_properties posts_per_page=&#8221;15&#8243;][\/vc_column_text][\/vc_column][\/vc_row]<\/p>\n","protected":false},"author":1,"featured_media":0,"parent":0,"menu_order":27,"comment_status":"closed","ping_status":"closed","template":"template-achat.php","meta":{"_acf_changed":false,"inline_featured_image":false,"footnotes":""},"class_list":["post-392","page","type-page","status-publish","hentry"],"acf":[],"yoast_head":"<!-- This site is optimized with the Yoast SEO plugin v25.8 - https:\/\/yoast.com\/wordpress\/plugins\/seo\/ -->\n<title>Buy your property | Weck, Aeby et Cie SA | Fribourg - Lausanne<\/title>\n<meta name=\"description\" content=\"Indiquez vos crit\u00e8res de recherche et d\u00e9couvrez les biens immobiliers disponibles correspondant \u00e0 votre requ\u00eate.\" \/>\n<meta name=\"robots\" content=\"index, follow, max-snippet:-1, max-image-preview:large, max-video-preview:-1\" \/>\n<link rel=\"canonical\" href=\"http:\/\/www.weck-aeby.ch\/en\/buy\/\" \/>\n<meta property=\"og:locale\" content=\"en_US\" \/>\n<meta property=\"og:type\" content=\"article\" \/>\n<meta property=\"og:title\" content=\"Buy your property | Weck, Aeby et Cie SA | Fribourg - Lausanne\" \/>\n<meta property=\"og:description\" content=\"Indiquez vos crit\u00e8res de recherche et d\u00e9couvrez les biens immobiliers disponibles correspondant \u00e0 votre requ\u00eate.\" \/>\n<meta property=\"og:url\" content=\"http:\/\/www.weck-aeby.ch\/en\/buy\/\" \/>\n<meta property=\"og:site_name\" content=\"Weck, Aeby et Cie SA | Fribourg - Lausanne\" \/>\n<meta property=\"article:modified_time\" content=\"2025-03-14T15:52:00+00:00\" \/>\n<meta name=\"twitter:card\" content=\"summary_large_image\" \/>\n<meta name=\"twitter:label1\" content=\"Est. reading time\" \/>\n\t<meta name=\"twitter:data1\" content=\"1 minute\" \/>\n<script type=\"application\/ld+json\" class=\"yoast-schema-graph\">{\"@context\":\"https:\/\/schema.org\",\"@graph\":[{\"@type\":\"WebPage\",\"@id\":\"http:\/\/www.weck-aeby.ch\/en\/buy\/\",\"url\":\"http:\/\/www.weck-aeby.ch\/en\/buy\/\",\"name\":\"Buy your property | Weck, Aeby et Cie SA | Fribourg - Lausanne\",\"isPartOf\":{\"@id\":\"https:\/\/www.weck-aeby.ch\/#website\"},\"datePublished\":\"2022-11-21T14:33:57+00:00\",\"dateModified\":\"2025-03-14T15:52:00+00:00\",\"description\":\"Indiquez vos crit\u00e8res de recherche et d\u00e9couvrez les biens immobiliers disponibles correspondant \u00e0 votre requ\u00eate.\",\"breadcrumb\":{\"@id\":\"http:\/\/www.weck-aeby.ch\/en\/buy\/#breadcrumb\"},\"inLanguage\":\"en-US\",\"potentialAction\":[{\"@type\":\"ReadAction\",\"target\":[\"http:\/\/www.weck-aeby.ch\/en\/buy\/\"]}]},{\"@type\":\"BreadcrumbList\",\"@id\":\"http:\/\/www.weck-aeby.ch\/en\/buy\/#breadcrumb\",\"itemListElement\":[{\"@type\":\"ListItem\",\"position\":1,\"name\":\"Accueil\",\"item\":\"https:\/\/www.weck-aeby.ch\/en\/\"},{\"@type\":\"ListItem\",\"position\":2,\"name\":\"Buy your property\"}]},{\"@type\":\"WebSite\",\"@id\":\"https:\/\/www.weck-aeby.ch\/#website\",\"url\":\"https:\/\/www.weck-aeby.ch\/\",\"name\":\"Weck, Aeby et Cie SA | Fribourg - Lausanne\",\"description\":\"\",\"potentialAction\":[{\"@type\":\"SearchAction\",\"target\":{\"@type\":\"EntryPoint\",\"urlTemplate\":\"https:\/\/www.weck-aeby.ch\/?s={search_term_string}\"},\"query-input\":{\"@type\":\"PropertyValueSpecification\",\"valueRequired\":true,\"valueName\":\"search_term_string\"}}],\"inLanguage\":\"en-US\"}]}<\/script>\n<!-- \/ Yoast SEO plugin. -->","yoast_head_json":{"title":"Buy your property | Weck, Aeby et Cie SA | Fribourg - Lausanne","description":"Indiquez vos crit\u00e8res de recherche et d\u00e9couvrez les biens immobiliers disponibles correspondant \u00e0 votre requ\u00eate.","robots":{"index":"index","follow":"follow","max-snippet":"max-snippet:-1","max-image-preview":"max-image-preview:large","max-video-preview":"max-video-preview:-1"},"canonical":"http:\/\/www.weck-aeby.ch\/en\/buy\/","og_locale":"en_US","og_type":"article","og_title":"Buy your property | Weck, Aeby et Cie SA | Fribourg - Lausanne","og_description":"Indiquez vos crit\u00e8res de recherche et d\u00e9couvrez les biens immobiliers disponibles correspondant \u00e0 votre requ\u00eate.","og_url":"http:\/\/www.weck-aeby.ch\/en\/buy\/","og_site_name":"Weck, Aeby et Cie SA | Fribourg - Lausanne","article_modified_time":"2025-03-14T15:52:00+00:00","twitter_card":"summary_large_image","twitter_misc":{"Est. reading time":"1 minute"},"schema":{"@context":"https:\/\/schema.org","@graph":[{"@type":"WebPage","@id":"http:\/\/www.weck-aeby.ch\/en\/buy\/","url":"http:\/\/www.weck-aeby.ch\/en\/buy\/","name":"Buy your property | Weck, Aeby et Cie SA | Fribourg - Lausanne","isPartOf":{"@id":"https:\/\/www.weck-aeby.ch\/#website"},"datePublished":"2022-11-21T14:33:57+00:00","dateModified":"2025-03-14T15:52:00+00:00","description":"Indiquez vos crit\u00e8res de recherche et d\u00e9couvrez les biens immobiliers disponibles correspondant \u00e0 votre requ\u00eate.","breadcrumb":{"@id":"http:\/\/www.weck-aeby.ch\/en\/buy\/#breadcrumb"},"inLanguage":"en-US","potentialAction":[{"@type":"ReadAction","target":["http:\/\/www.weck-aeby.ch\/en\/buy\/"]}]},{"@type":"BreadcrumbList","@id":"http:\/\/www.weck-aeby.ch\/en\/buy\/#breadcrumb","itemListElement":[{"@type":"ListItem","position":1,"name":"Accueil","item":"https:\/\/www.weck-aeby.ch\/en\/"},{"@type":"ListItem","position":2,"name":"Buy your property"}]},{"@type":"WebSite","@id":"https:\/\/www.weck-aeby.ch\/#website","url":"https:\/\/www.weck-aeby.ch\/","name":"Weck, Aeby et Cie SA | Fribourg - Lausanne","description":"","potentialAction":[{"@type":"SearchAction","target":{"@type":"EntryPoint","urlTemplate":"https:\/\/www.weck-aeby.ch\/?s={search_term_string}"},"query-input":{"@type":"PropertyValueSpecification","valueRequired":true,"valueName":"search_term_string"}}],"inLanguage":"en-US"}]}},"_links":{"self":[{"href":"https:\/\/www.weck-aeby.ch\/en\/wp-json\/wp\/v2\/pages\/392","targetHints":{"allow":["GET"]}}],"collection":[{"href":"https:\/\/www.weck-aeby.ch\/en\/wp-json\/wp\/v2\/pages"}],"about":[{"href":"https:\/\/www.weck-aeby.ch\/en\/wp-json\/wp\/v2\/types\/page"}],"author":[{"embeddable":true,"href":"https:\/\/www.weck-aeby.ch\/en\/wp-json\/wp\/v2\/users\/1"}],"replies":[{"embeddable":true,"href":"https:\/\/www.weck-aeby.ch\/en\/wp-json\/wp\/v2\/comments?post=392"}],"version-history":[{"count":13,"href":"https:\/\/www.weck-aeby.ch\/en\/wp-json\/wp\/v2\/pages\/392\/revisions"}],"predecessor-version":[{"id":4198,"href":"https:\/\/www.weck-aeby.ch\/en\/wp-json\/wp\/v2\/pages\/392\/revisions\/4198"}],"wp:attachment":[{"href":"https:\/\/www.weck-aeby.ch\/en\/wp-json\/wp\/v2\/media?parent=392"}],"curies":[{"name":"wp","href":"https:\/\/api.w.org\/{rel}","templated":true}]}}