{"id":410,"date":"2022-11-17T13:23:46","date_gmt":"2022-11-17T12:23:46","guid":{"rendered":"http:\/\/www.weck-aeby.ch\/accueil\/"},"modified":"2022-12-16T15:02:13","modified_gmt":"2022-12-16T14:02:13","slug":"accueil","status":"publish","type":"page","link":"https:\/\/www.weck-aeby.ch\/de\/","title":{"rendered":"Home"},"content":{"rendered":"<div class=\"wpb-content-wrapper\"><p>[vc_row full_width=&#8220;stretch_row&#8220; el_class=&#8220;bg-primary-color&#8220;][vc_column][vc_row_inner][vc_column_inner width=&#8220;2\/3&#8243;][vc_column_text]<\/p>\n<h2>Unsere letzten Favoriten<\/h2>\n<p>[\/vc_column_text][\/vc_column_inner][vc_column_inner width=&#8220;1\/3&#8243;]<div class='slider-btn text-end'><a href='javascript:void(0);' class='inactif prev'><i class='fa-solid fa-chevron-left'><\/i><\/a><a href='javascript:void(0);' class='actif next'><i class='fa-solid fa-chevron-right'><\/i><\/a><\/div>[\/vc_column_inner][\/vc_row_inner][vc_row_inner][vc_column_inner width=&#8220;3\/12&#8243;][vc_column_text]Aufgrund seiner Marktkenntnis ist WECK-AEBY ein bevorzugter Gespr\u00e4chspartner wenn Sie eine Immobilie mieten oder zu kaufen w\u00fcnschen.[\/vc_column_text][\/vc_column_inner][vc_column_inner width=&#8220;9\/12&#8243;]<div class='slider-coup-coeur'><div class='carousel-cell'><div class='coup-coeur'><div class='coup-coeur-image-info'>Vermietung<\/div><a href='https:\/\/www.weck-aeby.ch\/objet\/\/appartement-de-3.5-pieces-au-3eme-etage-!-mieten-la-tour-de-treme\/?pk=85964847'><\/a><div class='coup-coeur-image' style='background-image: url(https:\/\/flatfox.ch\/thumb\/ff\/2026\/04\/2qtc58fip77weuvvsi7zxi46kg2w2croivuco9q1gdzlsen5io.jpg?signature=lm9qXVLBOk7BGRAJtdG55-n6VIm0Nz0HCSb7HMNzzW4);'><\/div><div class='coup-coeur-infos'><div class='coup-coeur-titre'>Appartement de 3.5 pi\u00e8ces au 3\u00e8me \u00e9tage !<\/div><div class='coup-coeur-localite-prix'><div class='coup-coeur-localite-prix-localite'>1635 La Tour-de-Tr\u00eame<\/div><\/div><div class='coup-coeur-localite-prix'><div class='coup-coeur-localite-prix-prix'>Prix sur demande<\/div><\/div><\/div><\/div><\/div><div class='carousel-cell'><div class='coup-coeur'><div class='coup-coeur-image-info'>Vermietung<\/div><a href='https:\/\/www.weck-aeby.ch\/objet\/\/3-zimmerwohnung-zu-vermieten-mieten-st.-silvester\/?pk=85964846'><\/a><div class='coup-coeur-image' style='background-image: url(https:\/\/flatfox.ch\/thumb\/ff\/2026\/04\/ptkpj2dr8f3xmsv9n1f9spc4cxpyv852987bmhu9en8pb9xwr1.jpg?signature=fZzOYY2yeyu7ax_OTRS_xd8A_FKLqqiDmut3lWu8itg);'><\/div><div class='coup-coeur-infos'><div class='coup-coeur-titre'>3 Zimmerwohnung zu vermieten<\/div><div class='coup-coeur-localite-prix'><div class='coup-coeur-localite-prix-localite'>1736 St. Silvester<\/div><\/div><div class='coup-coeur-localite-prix'><div class='coup-coeur-localite-prix-prix'>CHF 1'500<\/div><\/div><\/div><\/div><\/div><div class='carousel-cell'><div class='coup-coeur'><div class='coup-coeur-image-info'>Vermietung<\/div><a href='https:\/\/www.weck-aeby.ch\/objet\/\/3.5-zimmerwohnung-in-d\u00fcdingen-zu-vermieten-!-mieten-d\u00fcdingen\/?pk=85964844'><\/a><div class='coup-coeur-image' style='background-image: url(https:\/\/flatfox.ch\/thumb\/ff\/2026\/04\/m675p5u2vknl9c04xb6mtiv0hzqpb744pm4rg2tluy9tmyybri.jpg?signature=wTnQRA0sI6PEjUZu0WBVCBQ4sNwEJS3dAieMv4Bd7Cc);'><\/div><div class='coup-coeur-infos'><div class='coup-coeur-titre'>3.5 Zimmerwohnung in D\u00fcdingen zu vermieten !<\/div><div class='coup-coeur-localite-prix'><div class='coup-coeur-localite-prix-localite'>3186 D\u00fcdingen<\/div><\/div><div class='coup-coeur-localite-prix'><div class='coup-coeur-localite-prix-prix'>Prix sur demande<\/div><\/div><\/div><\/div><\/div><div class='carousel-cell'><div class='coup-coeur'><div class='coup-coeur-image-info'>Vermietung<\/div><a href='https:\/\/www.weck-aeby.ch\/objet\/\/magnifique-logement-de-5.5-pieces-a-louer-a-cousset-!-mieten-cousset\/?pk=85964843'><\/a><div class='coup-coeur-image' style='background-image: url(https:\/\/flatfox.ch\/thumb\/ff\/2026\/04\/09vmewu65u68abzdd41cuuaakey26hpuft7tpfw4el9zhvpy6j.jpg?signature=kbvUwan8o4jLV7jKUxLnbCT8HH0U84PxSot4yPvZuvU);'><\/div><div class='coup-coeur-infos'><div class='coup-coeur-titre'>Magnifique logement de 5.5 pi\u00e8ces \u00e0 louer \u00e0 Cousset !<\/div><div class='coup-coeur-localite-prix'><div class='coup-coeur-localite-prix-localite'>1774 Cousset<\/div><\/div><div class='coup-coeur-localite-prix'><div class='coup-coeur-localite-prix-prix'>Prix sur demande<\/div><\/div><\/div><\/div><\/div><div class='carousel-cell'><div class='coup-coeur'><div class='coup-coeur-image-info'>Vermietung<\/div><a href='https:\/\/www.weck-aeby.ch\/objet\/\/logement-2.5-pieces-a-estavayer-le-lac-!-mieten-estavayer-le-lac\/?pk=85960917'><\/a><div class='coup-coeur-image' style='background-image: url(https:\/\/flatfox.ch\/thumb\/ff\/2026\/04\/7t5wjhl32np0hce84he32k8bxo09vdfqsd2hgruf6waz6cvf3z.jpg?signature=inX6ZIs-QR2CYqiAkKEM-a9KNsoKmt3Kk8Lh82ou3BE);'><\/div><div class='coup-coeur-infos'><div class='coup-coeur-titre'>Logement 2.5 pi\u00e8ces \u00e0 Estavayer-le-Lac !<\/div><div class='coup-coeur-localite-prix'><div class='coup-coeur-localite-prix-localite'>1470 Estavayer-le-Lac<\/div><\/div><div class='coup-coeur-localite-prix'><div class='coup-coeur-localite-prix-prix'>Prix sur demande<\/div><\/div><\/div><\/div><\/div><div class='carousel-cell'><div class='coup-coeur'><div class='coup-coeur-image-info'>Vermietung<\/div><a href='https:\/\/www.weck-aeby.ch\/objet\/\/appartement-de-1.5-pieces-avec-balcon-a-nyon!-mieten-nyon\/?pk=85960911'><\/a><div class='coup-coeur-image' style='background-image: url(https:\/\/flatfox.ch\/thumb\/ff\/2026\/04\/zvdvd9d4v5pazickp3kd9d8mzv28s1sxhhfm0bvrtixh3bt82k.jpg?signature=zN_4zczOA8z_adp0CZDzguw9D16JAyW331g3OFi2wVs);'><\/div><div class='coup-coeur-infos'><div class='coup-coeur-titre'>Appartement de 1.5 pi\u00e8ces avec balcon \u00e0 Nyon!<\/div><div class='coup-coeur-localite-prix'><div class='coup-coeur-localite-prix-localite'>1260 Nyon<\/div><\/div><div class='coup-coeur-localite-prix'><div class='coup-coeur-localite-prix-prix'>CHF 1'385<\/div><\/div><\/div><\/div><\/div><div class='carousel-cell'><div class='coup-coeur'><div class='coup-coeur-image-info'>Vermietung<\/div><a href='https:\/\/www.weck-aeby.ch\/objet\/\/bel-appartement-de-4.5-pieces-a-louer-!-mieten-nyon\/?pk=85960910'><\/a><div class='coup-coeur-image' style='background-image: url(https:\/\/flatfox.ch\/thumb\/ff\/2026\/04\/7by0my82myzab45nmjit86ko0zrgejm20m3ss48t6a5c9x9kq9.jpg?signature=JUEGRrg7IUMowK8m-KMCyQYDMSLbr3q_4zy1ENHM-Cs);'><\/div><div class='coup-coeur-infos'><div class='coup-coeur-titre'>Bel appartement de 4.5 pi\u00e8ces \u00e0 louer !<\/div><div class='coup-coeur-localite-prix'><div class='coup-coeur-localite-prix-localite'>1260 Nyon<\/div><\/div><div class='coup-coeur-localite-prix'><div class='coup-coeur-localite-prix-prix'>CHF 2'890<\/div><\/div><\/div><\/div><\/div><div class='carousel-cell'><div class='coup-coeur'><div class='coup-coeur-image-info'>Vermietung<\/div><a href='https:\/\/www.weck-aeby.ch\/objet\/\/appartement-de-5.5-pieces-au-2eme-etage-avec-loggias-mieten-fribourg\/?pk=85960909'><\/a><div class='coup-coeur-image' style='background-image: url(https:\/\/flatfox.ch\/thumb\/ff\/2026\/04\/nt1niylt4dy4fkvo762sr5a4dcv9gbgm35vxcyf013s28yhjqm.jpg?signature=vcm-M8cbgKfXlWTJ5R1Aex3y-LanqqLa5RsQz5WWxMw);'><\/div><div class='coup-coeur-infos'><div class='coup-coeur-titre'>Appartement de 5.5 pi\u00e8ces au 2\u00e8me \u00e9tage avec loggias<\/div><div class='coup-coeur-localite-prix'><div class='coup-coeur-localite-prix-localite'>1700 Fribourg<\/div><\/div><div class='coup-coeur-localite-prix'><div class='coup-coeur-localite-prix-prix'>Prix sur demande<\/div><\/div><\/div><\/div><\/div><div class='carousel-cell'><div class='coup-coeur'><div class='coup-coeur-image-info'>Vermietung<\/div><a href='https:\/\/www.weck-aeby.ch\/objet\/\/appartement-de-3.5-pieces-a-louer-a-bulle-!-mieten-bulle\/?pk=85957841'><\/a><div class='coup-coeur-image' style='background-image: url(https:\/\/flatfox.ch\/thumb\/ff\/2026\/04\/hwnfex1798ajjnyeir3kzp6cp4xl9gsd5jedfzlg3dlzj5ksx2.jpg?signature=3R0Dox0tu7wVQZfnI8ZjjrDgx4OHfA7FnfM62bq38tQ);'><\/div><div class='coup-coeur-infos'><div class='coup-coeur-titre'>Appartement de 3.5 pi\u00e8ces \u00e0 louer \u00e0 Bulle !<\/div><div class='coup-coeur-localite-prix'><div class='coup-coeur-localite-prix-localite'>1630 Bulle<\/div><\/div><div class='coup-coeur-localite-prix'><div class='coup-coeur-localite-prix-prix'>Prix sur demande<\/div><\/div><\/div><\/div><\/div><\/div>[\/vc_column_inner][\/vc_row_inner][\/vc_column][\/vc_row][vc_row el_class=&#8220;services&#8220;][vc_column][vc_row_inner][vc_column_inner width=&#8220;2\/3&#8243;][vc_column_text]<\/p>\n<h2>Unsere Dienste<\/h2>\n<p>[\/vc_column_text][\/vc_column_inner][vc_column_inner width=&#8220;1\/3&#8243;][vc_column_text]<\/p>\n<p style=\"text-align: right;\"><a class=\"button\" href=\"http:\/\/www.weck-aeby.ch\/de\/unsere-dienste\/\">Alle unsere Dienste<\/a><\/p>\n<p>[\/vc_column_text][\/vc_column_inner][\/vc_row_inner][vc_row_inner][vc_column_inner]<div class='services'><div class='row'><div class='col-xl-3 col-lg-4'><div class='service'><a href='\/de\/unsere-dienste#management'><\/a><div class='service-titre'>center  management<\/div><div class='service-description'>Wir begleiten Sie von der Planung \u00fcber die Standortwahl und den Bau bis hin zur Er\u00f6ffnung Ihres Zentrums. Unser Team sorgt f\u00fcr einen reibungslosen Betrieb und k\u00fcmmert sich um das Wohlbefinden Ihrer Mieter.<\/div><div class='service-lien'><a href='\/de\/unsere-dienste#management' class='service-lien-lien'>_ Mehr erfahren<\/a><\/div><div class='service-icone'><img src='https:\/\/www.weck-aeby.ch\/wp-content\/uploads\/2022\/11\/icone_center.png' \/><\/div><\/div><\/div><div class='col-xl-3 col-lg-4'><div class='service'><a href='\/de\/unsere-dienste#administration'><\/a><div class='service-titre'>VERWALTUNG VON STOCKWERKEIGENTUM<\/div><div class='service-description'>Dank unserer interdisziplin\u00e4ren Kompetenzen garantieren wir Ihnen eine umfassende Betreuung in den Bereichen Verwaltung, Technik, Finanzen, Energie und Mietrecht.<\/div><div class='service-lien'><a href='\/de\/unsere-dienste#administration' class='service-lien-lien'>_ Mehr erfahren<\/a><\/div><div class='service-icone'><img src='https:\/\/www.weck-aeby.ch\/wp-content\/uploads\/2022\/11\/icone_administration.png' \/><\/div><\/div><\/div><div class='col-xl-3 col-lg-4'><div class='service'><a href='\/de\/unsere-dienste#courtage'><\/a><div class='service-titre'>VERMARKTUNG<\/div><div class='service-description'>Wir stellen unseren Auftraggebern unsere umfassende Erfahrung mit dem lokalen Markt, unser gro\u00dfes Netzwerk an potenziellen K\u00e4ufern und unser Know-how im Bereich Immobilienmarketing zur Verf\u00fcgung.<\/div><div class='service-lien'><a href='\/de\/unsere-dienste#courtage' class='service-lien-lien'>_ Mehr erfahren<\/a><\/div><div class='service-icone'><img src='https:\/\/www.weck-aeby.ch\/wp-content\/uploads\/2022\/12\/icon-courtage.png' \/><\/div><\/div><\/div><div class='col-xl-3 col-lg-4'><div class='service'><a href='\/de\/unsere-dienste#gerance'><\/a><div class='service-titre'>IMMOBILIENMANAGEMENT<\/div><div class='service-description'>Wir garantieren Ihnen eine umfassende Verwaltung durch unsere interdisziplin\u00e4ren Kompetenzen in den Bereichen Verwaltung, Technik, Finanzen, Energie und Mietrecht.<\/div><div class='service-lien'><a href='\/de\/unsere-dienste#gerance' class='service-lien-lien'>_ Mehr erfahren<\/a><\/div><div class='service-icone'><img src='https:\/\/www.weck-aeby.ch\/wp-content\/uploads\/2022\/11\/icone_gerance.png' \/><\/div><\/div><\/div><\/div><\/div>[\/vc_column_inner][\/vc_row_inner][\/vc_column][\/vc_row][vc_row el_class=&#8220;pt-0 actualites&#8220;][vc_column][vc_row_inner][vc_column_inner width=&#8220;2\/3&#8243;][vc_column_text]<\/p>\n<h2>News<\/h2>\n<p>[\/vc_column_text][\/vc_column_inner][vc_column_inner width=&#8220;1\/3&#8243;][vc_column_text]<\/p>\n<p style=\"text-align: right;\"><a class=\"button\" href=\"http:\/\/www.weck-aeby.ch\/de\/news\/\">Alle News ansehen<\/a><\/p>\n<p>[\/vc_column_text][\/vc_column_inner][\/vc_row_inner][vc_row_inner][vc_column_inner]<div class='actualites row'><div class='col-lg-3'><div class='actualite'><img src='https:\/\/www.weck-aeby.ch\/wp-content\/uploads\/2025\/03\/Image-news_Brevet-1.png' \/><div class='actualite-infos'><div class='actualite-title'>Geschafft!<\/div><div class='actualite-resume'><p>Wir freuen uns, Herrn Daniel Guenin herzlich zum Erwerb seines eidgen\u00f6ssischen Fachausweises als Immobilienbewirtschafter zu gratulieren. Dieser sch\u00f6ne Erfolg zeugt von seinem Engagement und seiner Ausdauer \u2013 Eigenschaften, die unser ganzes Team inspirieren. Herzliche Gratulation!<\/p>\n<\/div><\/div><\/div><\/div><div class='col-lg-3'><div class='actualite'><img src='https:\/\/www.weck-aeby.ch\/wp-content\/uploads\/2024\/06\/Image-news_Immobase-2024.png' \/><div class='actualite-infos'><div class='actualite-title'>Erfolgreicher Immobase-Abschluss<\/div><div class='actualite-resume'><p>Wir m\u00f6chten unsere Kollegin Frau Miradije Maiq unsere Gl\u00fcckw\u00fcnsche aussprechen, zum gl\u00e4nzenden Erfolg bei der Absolvierung ihrer von der USPI organisierten Immobase-Schulung.<\/p>\n<\/div><\/div><\/div><\/div><div class='col-lg-3'><div class='actualite'><img src='https:\/\/www.weck-aeby.ch\/wp-content\/uploads\/2025\/12\/Housetrap-1-1.png' \/><div class='actualite-infos'><div class='actualite-title'>Jubil\u00e4umsfeier<\/div><div class='actualite-resume'><p>Wir hatten das Vergn\u00fcgen, die Jubil\u00e4en im Rahmen einer geselligen Veranstaltung im HouseTrap Escape Room in Bulle zu feiern. Ein grosses Dankesch\u00f6n an alle Mitarbeitenden f\u00fcr ihre Treue, ihr Engagement und das Vertrauen, das sie uns \u00fcber die Jahre entgegengebracht haben.<\/p>\n<\/div><\/div><\/div><\/div><div class='col-lg-3'><div class='actualite'><img src='https:\/\/www.weck-aeby.ch\/wp-content\/uploads\/2024\/06\/Image-news_-reussite-Immobase-EMS-et-NV.png' \/><div class='actualite-infos'><div class='actualite-title'>Bravo!<\/div><div class='actualite-resume'><p>Bravo an Frau Brigite Ribeiro Varela aus der Vermietungsabteilung, die die von der USPI organisierte Immobail-Schulung mit Erfolg absolviert hat.<\/p>\n<\/div><\/div><\/div><\/div><\/div>[\/vc_column_inner][\/vc_row_inner][\/vc_column][\/vc_row]<\/p>\n<\/div>","protected":false},"excerpt":{"rendered":"<p>[vc_row full_width=&#8220;stretch_row&#8220; el_class=&#8220;bg-primary-color&#8220;][vc_column][vc_row_inner][vc_column_inner width=&#8220;2\/3&#8243;][vc_column_text] Unsere letzten Favoriten [\/vc_column_text][\/vc_column_inner][vc_column_inner width=&#8220;1\/3&#8243;][\/vc_column_inner][\/vc_row_inner][vc_row_inner][vc_column_inner width=&#8220;3\/12&#8243;][vc_column_text]Aufgrund seiner Marktkenntnis ist WECK-AEBY ein bevorzugter Gespr\u00e4chspartner wenn Sie eine Immobilie mieten oder zu kaufen w\u00fcnschen.[\/vc_column_text][\/vc_column_inner][vc_column_inner width=&#8220;9\/12&#8243;][\/vc_column_inner][\/vc_row_inner][\/vc_column][\/vc_row][vc_row el_class=&#8220;services&#8220;][vc_column][vc_row_inner][vc_column_inner width=&#8220;2\/3&#8243;][vc_column_text] Unsere Dienste [\/vc_column_text][\/vc_column_inner][vc_column_inner width=&#8220;1\/3&#8243;][vc_column_text] Alle unsere Dienste [\/vc_column_text][\/vc_column_inner][\/vc_row_inner][vc_row_inner][vc_column_inner][\/vc_column_inner][\/vc_row_inner][\/vc_column][\/vc_row][vc_row el_class=&#8220;pt-0 actualites&#8220;][vc_column][vc_row_inner][vc_column_inner width=&#8220;2\/3&#8243;][vc_column_text] News [\/vc_column_text][\/vc_column_inner][vc_column_inner width=&#8220;1\/3&#8243;][vc_column_text] Alle News ansehen [\/vc_column_text][\/vc_column_inner][\/vc_row_inner][vc_row_inner][vc_column_inner][\/vc_column_inner][\/vc_row_inner][\/vc_column][\/vc_row]<\/p>\n","protected":false},"author":1,"featured_media":0,"parent":0,"menu_order":29,"comment_status":"closed","ping_status":"closed","template":"","meta":{"_acf_changed":false,"inline_featured_image":false,"footnotes":""},"class_list":["post-410","page","type-page","status-publish","hentry"],"acf":[],"yoast_head":"<!-- This site is optimized with the Yoast SEO plugin v25.8 - https:\/\/yoast.com\/wordpress\/plugins\/seo\/ -->\n<title>Willkommen | Weck, Aeby et Cie SA | Fribourg - Lausanne<\/title>\n<meta name=\"description\" content=\"Weck, Aeby et Cie SA bietet Immobilien und Dienstleistungen in der Westschweiz an. Finden Sie alle unsere Angebote zum Verkauf und\/oder zur Miete.\" \/>\n<meta name=\"robots\" content=\"index, follow, max-snippet:-1, max-image-preview:large, max-video-preview:-1\" \/>\n<link rel=\"canonical\" href=\"http:\/\/www.weck-aeby.ch\/de\/\" \/>\n<meta property=\"og:locale\" content=\"de_DE\" \/>\n<meta property=\"og:type\" content=\"article\" \/>\n<meta property=\"og:title\" content=\"Willkommen | Weck, Aeby et Cie SA | Fribourg - Lausanne\" \/>\n<meta property=\"og:description\" content=\"Weck, Aeby et Cie SA bietet Immobilien und Dienstleistungen in der Westschweiz an. Finden Sie alle unsere Angebote zum Verkauf und\/oder zur Miete.\" \/>\n<meta property=\"og:url\" content=\"http:\/\/www.weck-aeby.ch\/de\/\" \/>\n<meta property=\"og:site_name\" content=\"Weck, Aeby et Cie SA | Fribourg - Lausanne\" \/>\n<meta property=\"article:modified_time\" content=\"2022-12-16T14:02:13+00:00\" \/>\n<meta name=\"twitter:card\" content=\"summary_large_image\" \/>\n<meta name=\"twitter:label1\" content=\"Gesch\u00e4tzte Lesezeit\" \/>\n\t<meta name=\"twitter:data1\" content=\"1\u00a0Minute\" \/>\n<script type=\"application\/ld+json\" class=\"yoast-schema-graph\">{\"@context\":\"https:\/\/schema.org\",\"@graph\":[{\"@type\":\"WebPage\",\"@id\":\"http:\/\/www.weck-aeby.ch\/de\/\",\"url\":\"http:\/\/www.weck-aeby.ch\/de\/\",\"name\":\"Willkommen | Weck, Aeby et Cie SA | Fribourg - Lausanne\",\"isPartOf\":{\"@id\":\"https:\/\/www.weck-aeby.ch\/#website\"},\"datePublished\":\"2022-11-17T12:23:46+00:00\",\"dateModified\":\"2022-12-16T14:02:13+00:00\",\"description\":\"Weck, Aeby et Cie SA bietet Immobilien und Dienstleistungen in der Westschweiz an. Finden Sie alle unsere Angebote zum Verkauf und\/oder zur Miete.\",\"breadcrumb\":{\"@id\":\"http:\/\/www.weck-aeby.ch\/de\/#breadcrumb\"},\"inLanguage\":\"de\",\"potentialAction\":[{\"@type\":\"ReadAction\",\"target\":[\"http:\/\/www.weck-aeby.ch\/de\/\"]}]},{\"@type\":\"BreadcrumbList\",\"@id\":\"http:\/\/www.weck-aeby.ch\/de\/#breadcrumb\",\"itemListElement\":[{\"@type\":\"ListItem\",\"position\":1,\"name\":\"Accueil\",\"item\":\"http:\/\/www.weck-aeby.ch\/de\/\"},{\"@type\":\"ListItem\",\"position\":2,\"name\":\"Home\"}]},{\"@type\":\"WebSite\",\"@id\":\"https:\/\/www.weck-aeby.ch\/#website\",\"url\":\"https:\/\/www.weck-aeby.ch\/\",\"name\":\"Weck, Aeby et Cie SA | Fribourg - Lausanne\",\"description\":\"\",\"potentialAction\":[{\"@type\":\"SearchAction\",\"target\":{\"@type\":\"EntryPoint\",\"urlTemplate\":\"https:\/\/www.weck-aeby.ch\/?s={search_term_string}\"},\"query-input\":{\"@type\":\"PropertyValueSpecification\",\"valueRequired\":true,\"valueName\":\"search_term_string\"}}],\"inLanguage\":\"de\"}]}<\/script>\n<!-- \/ Yoast SEO plugin. -->","yoast_head_json":{"title":"Willkommen | Weck, Aeby et Cie SA | Fribourg - Lausanne","description":"Weck, Aeby et Cie SA bietet Immobilien und Dienstleistungen in der Westschweiz an. Finden Sie alle unsere Angebote zum Verkauf und\/oder zur Miete.","robots":{"index":"index","follow":"follow","max-snippet":"max-snippet:-1","max-image-preview":"max-image-preview:large","max-video-preview":"max-video-preview:-1"},"canonical":"http:\/\/www.weck-aeby.ch\/de\/","og_locale":"de_DE","og_type":"article","og_title":"Willkommen | Weck, Aeby et Cie SA | Fribourg - Lausanne","og_description":"Weck, Aeby et Cie SA bietet Immobilien und Dienstleistungen in der Westschweiz an. Finden Sie alle unsere Angebote zum Verkauf und\/oder zur Miete.","og_url":"http:\/\/www.weck-aeby.ch\/de\/","og_site_name":"Weck, Aeby et Cie SA | Fribourg - Lausanne","article_modified_time":"2022-12-16T14:02:13+00:00","twitter_card":"summary_large_image","twitter_misc":{"Gesch\u00e4tzte Lesezeit":"1\u00a0Minute"},"schema":{"@context":"https:\/\/schema.org","@graph":[{"@type":"WebPage","@id":"http:\/\/www.weck-aeby.ch\/de\/","url":"http:\/\/www.weck-aeby.ch\/de\/","name":"Willkommen | Weck, Aeby et Cie SA | Fribourg - Lausanne","isPartOf":{"@id":"https:\/\/www.weck-aeby.ch\/#website"},"datePublished":"2022-11-17T12:23:46+00:00","dateModified":"2022-12-16T14:02:13+00:00","description":"Weck, Aeby et Cie SA bietet Immobilien und Dienstleistungen in der Westschweiz an. Finden Sie alle unsere Angebote zum Verkauf und\/oder zur Miete.","breadcrumb":{"@id":"http:\/\/www.weck-aeby.ch\/de\/#breadcrumb"},"inLanguage":"de","potentialAction":[{"@type":"ReadAction","target":["http:\/\/www.weck-aeby.ch\/de\/"]}]},{"@type":"BreadcrumbList","@id":"http:\/\/www.weck-aeby.ch\/de\/#breadcrumb","itemListElement":[{"@type":"ListItem","position":1,"name":"Accueil","item":"http:\/\/www.weck-aeby.ch\/de\/"},{"@type":"ListItem","position":2,"name":"Home"}]},{"@type":"WebSite","@id":"https:\/\/www.weck-aeby.ch\/#website","url":"https:\/\/www.weck-aeby.ch\/","name":"Weck, Aeby et Cie SA | Fribourg - Lausanne","description":"","potentialAction":[{"@type":"SearchAction","target":{"@type":"EntryPoint","urlTemplate":"https:\/\/www.weck-aeby.ch\/?s={search_term_string}"},"query-input":{"@type":"PropertyValueSpecification","valueRequired":true,"valueName":"search_term_string"}}],"inLanguage":"de"}]}},"_links":{"self":[{"href":"https:\/\/www.weck-aeby.ch\/de\/wp-json\/wp\/v2\/pages\/410","targetHints":{"allow":["GET"]}}],"collection":[{"href":"https:\/\/www.weck-aeby.ch\/de\/wp-json\/wp\/v2\/pages"}],"about":[{"href":"https:\/\/www.weck-aeby.ch\/de\/wp-json\/wp\/v2\/types\/page"}],"author":[{"embeddable":true,"href":"https:\/\/www.weck-aeby.ch\/de\/wp-json\/wp\/v2\/users\/1"}],"replies":[{"embeddable":true,"href":"https:\/\/www.weck-aeby.ch\/de\/wp-json\/wp\/v2\/comments?post=410"}],"version-history":[{"count":15,"href":"https:\/\/www.weck-aeby.ch\/de\/wp-json\/wp\/v2\/pages\/410\/revisions"}],"predecessor-version":[{"id":529,"href":"https:\/\/www.weck-aeby.ch\/de\/wp-json\/wp\/v2\/pages\/410\/revisions\/529"}],"wp:attachment":[{"href":"https:\/\/www.weck-aeby.ch\/de\/wp-json\/wp\/v2\/media?parent=410"}],"curies":[{"name":"wp","href":"https:\/\/api.w.org\/{rel}","templated":true}]}}