{"id":377,"date":"2022-12-07T15:13:44","date_gmt":"2022-12-07T14:13:44","guid":{"rendered":"http:\/\/www.weck-aeby.ch\/a-propos\/le-groupe-weck-aeby\/"},"modified":"2025-08-08T15:35:47","modified_gmt":"2025-08-08T13:35:47","slug":"die-weck-aeby-gruppe","status":"publish","type":"page","link":"https:\/\/www.weck-aeby.ch\/de\/ueber-uns\/die-weck-aeby-gruppe\/","title":{"rendered":"DIE WECK-AEBY GRUPPE"},"content":{"rendered":"<div class=\"wpb-content-wrapper\"><p>[vc_row][vc_column][vc_row_inner][vc_column_inner width=&#8220;4\/12&#8243;][vc_column_text]<\/p>\n<h3>PRIVAMOB SA<\/h3>\n<p>[\/vc_column_text][\/vc_column_inner][vc_column_inner width=&#8220;8\/12&#8243;][vc_column_text]Privamob AG ist eine Immobilienverwaltungsgesellschaft, die 1999 in Lausanne gegr\u00fcndet und 2016 von WECK-AEBY \u00fcbernommen wurde. Mit dreizehn Mitarbeitern, die die gleichen Werte wie Ethik, Kundenn\u00e4he und Servicequalit\u00e4t teilen, agiert Privamob SA v\u00f6llig unabh\u00e4ngig und unter eigenem Namen.<\/p>\n<p><a class=\"button\" href=\"https:\/\/www.privamob.ch\" target=\"_blank\" rel=\"noopener\">Website<\/a>[\/vc_column_text][\/vc_column_inner][\/vc_row_inner][vc_row_inner][vc_column_inner width=&#8220;4\/12&#8243;][vc_column_text css=&#8220;&#8220;]<\/p>\n<h3>WA RISK SOLUTIONS SA<\/h3>\n<p>[\/vc_column_text][\/vc_column_inner][vc_column_inner width=&#8220;8\/12&#8243;][vc_column_text css=&#8220;&#8220;]<\/p>\n<h4>EXPERTEN F\u00dcR RISIKOMANAGEMENT UND MASSGESCHNEIDERTE VERSICHERUNGEN<\/h4>\n<p>WA Risk Solutions SA ist ein unabh\u00e4ngiger Schweizer Makler, der sich auf das globale Risikomanagement und die Umsetzung von Versicherungs- und Vorsorgel\u00f6sungen spezialisiert hat, die auf die Bed\u00fcrfnisse von Unternehmen, Investoren und Privatpersonen zugeschnitten sind.<\/p>\n<p>Wir sind der bevorzugte Partner von KMU, Industriekonzernen, Kommunen und Immobilieninvestoren in der Schweiz und international.<\/p>\n<p>F\u00dcR UNTERNEHMEN UND INSTITUTIONEN<\/p>\n<ul>\n<li>Umfassendes Management von Unternehmensversicherungen: Haftpflicht, Betriebsausfall, Fahrzeuge, Cyberrisiken.<\/li>\n<li>Personenversicherungen und BVG: Konzeption und Steuerung von Vorsorgepl\u00e4nen, Kostenoptimierung.<\/li>\n<li>Spezifische L\u00f6sungen f\u00fcr F\u00fchrungskr\u00e4fte und Manager: Zusatzvorsorge, Altersvorsorgeplanung.<\/li>\n<li>Strategische Beratung zur Antizipation neuer Risiken und zur Gew\u00e4hrleistung der Gesch\u00e4ftskontinuit\u00e4t.<\/li>\n<li>Spezielle Unterst\u00fctzung bei Schadensf\u00e4llen f\u00fcr eine schnelle und effiziente Bearbeitung.<\/li>\n<\/ul>\n<p>F\u00dcR IMMOBILIENINVESTOREN<\/p>\n<ul>\n<li>All-Risk- oder Teilversicherungen zum Schutz Ihrer Immobilien und Mieteinnahmen.<\/li>\n<li>Kontinuierliche Optimierung der Pr\u00e4mien entsprechend der Schadenh\u00e4ufigkeit und den Versicherungswerten.<\/li>\n<li>Umfassende Berichterstattung und Absicherung der Pfandgl\u00e4ubiger.<\/li>\n<li>Spezifische L\u00f6sungen f\u00fcr Gro\u00dfrisiken: Erdbeben, Terrorismus, regulatorische Anforderungen.<\/li>\n<li>Proaktive Unterst\u00fctzung bei Schadensf\u00e4llen zum Schutz Ihrer finanziellen Interessen.<\/li>\n<\/ul>\n<p>F\u00dcR PRIVATPERSONEN<\/p>\n<ul>\n<li>Private Versicherungen: Umfassender Schutz Ihres Verm\u00f6gens (Wohnung, Fahrzeuge, Wertsachen).<\/li>\n<li>Vorsorge und Altersplanung: Individuelle L\u00f6sungen f\u00fcr eine sichere Zukunft.<\/li>\n<li>Lebensversicherung, Anlagen und Hypotheken: Integrierter Ansatz zur Optimierung Ihrer finanziellen Situation.<\/li>\n<li>Unterst\u00fctzung im Schadensfall, um Ihre Rechte zu wahren und eine schnelle Entsch\u00e4digung zu erhalten.<\/li>\n<\/ul>\n<p>UNSER ENGAGEMENT<\/p>\n<ul>\n<li>V\u00f6llige Unabh\u00e4ngigkeit: Wir handeln in Ihrem Interesse, ohne kapitalistische Verbindungen zu einem Versicherer.<\/li>\n<li>Kundenn\u00e4he und Reaktionsf\u00e4higkeit: Teams in Freiburg und im Wallis, die f\u00fcr Ihre Bed\u00fcrfnisse zur Verf\u00fcgung stehen.<\/li>\n<li>Anerkanntes Fachwissen: ein zertifiziertes Team, das die regulatorischen Anforderungen (FinSA, FINMA) und die Marktstandards beherrscht.<\/li>\n<\/ul>\n<p><a class=\"button\" href=\"https:\/\/www.wa-riskmanagement.ch\" target=\"_blank\" rel=\"noopener\">Website<\/a>[\/vc_column_text][\/vc_column_inner][\/vc_row_inner][vc_row_inner][vc_column_inner width=&#8220;4\/12&#8243;][vc_column_text]<\/p>\n<h3>WA D\u00c9VELOPPEMENT SA<\/h3>\n<p>[\/vc_column_text][\/vc_column_inner][vc_column_inner width=&#8220;8\/12&#8243;][vc_column_text]Das Ziel von WA DEVELOPMENT AG ist die Errichtung von Gesch\u00e4fts- und Verwaltungsgeb\u00e4uden, die an hochwertige Marken vermietet sind. Diese Gebiete liegen am Rande von Mittel- und Gro\u00dfst\u00e4dten. In den letzten Jahren hat das Unternehmen schweizweit mehr als 70&#8217;000 m2 Nutzfl\u00e4che entwickelt.<\/p>\n<p>WA DEVELOPMENT AG bietet &#8222;schl\u00fcsselfertige&#8220; Dienstleistungen an, die von der Feldforschung \u00fcber die Entwicklung in der Region, die Entwicklung von Projekten mit Hilfe namhafter Generalunternehmer bis hin zur Vermarktung der bebauten Fl\u00e4chen und deren Weiterverkauf an Investoren reichen.<\/p>\n<p>Das von WA DEVELOPMENT AG entwickelte Gesch\u00e4ftsmodell erm\u00f6glicht es dem Endinvestor auch, ein Projekt bereits in der fr\u00fchen Planungsphase zu integrieren.[\/vc_column_text][\/vc_column_inner][\/vc_row_inner][\/vc_column][\/vc_row]<\/p>\n<\/div>","protected":false},"excerpt":{"rendered":"<p>[vc_row][vc_column][vc_row_inner][vc_column_inner width=&#8220;4\/12&#8243;][vc_column_text] PRIVAMOB SA [\/vc_column_text][\/vc_column_inner][vc_column_inner width=&#8220;8\/12&#8243;][vc_column_text]Privamob AG ist eine Immobilienverwaltungsgesellschaft, die 1999 in Lausanne gegr\u00fcndet und 2016 von WECK-AEBY \u00fcbernommen wurde. Mit dreizehn Mitarbeitern, die die gleichen Werte wie Ethik, Kundenn\u00e4he und Servicequalit\u00e4t teilen, agiert Privamob SA v\u00f6llig unabh\u00e4ngig und unter eigenem Namen. Website[\/vc_column_text][\/vc_column_inner][\/vc_row_inner][vc_row_inner][vc_column_inner width=&#8220;4\/12&#8243;][vc_column_text css=&#8220;&#8220;] WA RISK SOLUTIONS SA [\/vc_column_text][\/vc_column_inner][vc_column_inner width=&#8220;8\/12&#8243;][vc_column_text css=&#8220;&#8220;] EXPERTEN F\u00dcR [&hellip;]<\/p>\n","protected":false},"author":1,"featured_media":0,"parent":371,"menu_order":0,"comment_status":"closed","ping_status":"closed","template":"","meta":{"_acf_changed":false,"inline_featured_image":false,"footnotes":""},"class_list":["post-377","page","type-page","status-publish","hentry"],"acf":[],"yoast_head":"<!-- This site is optimized with the Yoast SEO plugin v25.8 - https:\/\/yoast.com\/wordpress\/plugins\/seo\/ -->\n<title>DIE WECK-AEBY GRUPPE | Weck, Aeby et Cie SA | Fribourg - Lausanne<\/title>\n<meta name=\"description\" content=\"Als Gruppe besteht WECK-AEBY aus vier spezialisierten Unternehmen: WECK, AEBY &amp; CIE SA, PRIVAMOB SA, WA RISK MANAGEMENT SA, WA D\u00c9VELOPPEMENT SA.\" \/>\n<meta name=\"robots\" content=\"index, follow, max-snippet:-1, max-image-preview:large, max-video-preview:-1\" \/>\n<link rel=\"canonical\" href=\"http:\/\/www.weck-aeby.ch\/de\/ueber-uns\/die-weck-aeby-gruppe\/\" \/>\n<meta property=\"og:locale\" content=\"de_DE\" \/>\n<meta property=\"og:type\" content=\"article\" \/>\n<meta property=\"og:title\" content=\"DIE WECK-AEBY GRUPPE | Weck, Aeby et Cie SA | Fribourg - Lausanne\" \/>\n<meta property=\"og:description\" content=\"Als Gruppe besteht WECK-AEBY aus vier spezialisierten Unternehmen: WECK, AEBY &amp; CIE SA, PRIVAMOB SA, WA RISK MANAGEMENT SA, WA D\u00c9VELOPPEMENT SA.\" \/>\n<meta property=\"og:url\" content=\"http:\/\/www.weck-aeby.ch\/de\/ueber-uns\/die-weck-aeby-gruppe\/\" \/>\n<meta property=\"og:site_name\" content=\"Weck, Aeby et Cie SA | Fribourg - Lausanne\" \/>\n<meta property=\"article:modified_time\" content=\"2025-08-08T13:35:47+00:00\" \/>\n<meta name=\"twitter:card\" content=\"summary_large_image\" \/>\n<meta name=\"twitter:label1\" content=\"Gesch\u00e4tzte Lesezeit\" \/>\n\t<meta name=\"twitter:data1\" content=\"3\u00a0Minuten\" \/>\n<script type=\"application\/ld+json\" class=\"yoast-schema-graph\">{\"@context\":\"https:\/\/schema.org\",\"@graph\":[{\"@type\":\"WebPage\",\"@id\":\"http:\/\/www.weck-aeby.ch\/de\/ueber-uns\/die-weck-aeby-gruppe\/\",\"url\":\"http:\/\/www.weck-aeby.ch\/de\/ueber-uns\/die-weck-aeby-gruppe\/\",\"name\":\"DIE WECK-AEBY GRUPPE | Weck, Aeby et Cie SA | Fribourg - Lausanne\",\"isPartOf\":{\"@id\":\"https:\/\/www.weck-aeby.ch\/#website\"},\"datePublished\":\"2022-12-07T14:13:44+00:00\",\"dateModified\":\"2025-08-08T13:35:47+00:00\",\"description\":\"Als Gruppe besteht WECK-AEBY aus vier spezialisierten Unternehmen: WECK, AEBY & CIE SA, PRIVAMOB SA, WA RISK MANAGEMENT SA, WA D\u00c9VELOPPEMENT SA.\",\"breadcrumb\":{\"@id\":\"http:\/\/www.weck-aeby.ch\/de\/ueber-uns\/die-weck-aeby-gruppe\/#breadcrumb\"},\"inLanguage\":\"de\",\"potentialAction\":[{\"@type\":\"ReadAction\",\"target\":[\"http:\/\/www.weck-aeby.ch\/de\/ueber-uns\/die-weck-aeby-gruppe\/\"]}]},{\"@type\":\"BreadcrumbList\",\"@id\":\"http:\/\/www.weck-aeby.ch\/de\/ueber-uns\/die-weck-aeby-gruppe\/#breadcrumb\",\"itemListElement\":[{\"@type\":\"ListItem\",\"position\":1,\"name\":\"Accueil\",\"item\":\"https:\/\/www.weck-aeby.ch\/de\/\"},{\"@type\":\"ListItem\",\"position\":2,\"name\":\"\u00dcber uns\",\"item\":\"https:\/\/www.weck-aeby.ch\/de\/ueber-uns\/\"},{\"@type\":\"ListItem\",\"position\":3,\"name\":\"DIE WECK-AEBY GRUPPE\"}]},{\"@type\":\"WebSite\",\"@id\":\"https:\/\/www.weck-aeby.ch\/#website\",\"url\":\"https:\/\/www.weck-aeby.ch\/\",\"name\":\"Weck, Aeby et Cie SA | Fribourg - Lausanne\",\"description\":\"\",\"potentialAction\":[{\"@type\":\"SearchAction\",\"target\":{\"@type\":\"EntryPoint\",\"urlTemplate\":\"https:\/\/www.weck-aeby.ch\/?s={search_term_string}\"},\"query-input\":{\"@type\":\"PropertyValueSpecification\",\"valueRequired\":true,\"valueName\":\"search_term_string\"}}],\"inLanguage\":\"de\"}]}<\/script>\n<!-- \/ Yoast SEO plugin. -->","yoast_head_json":{"title":"DIE WECK-AEBY GRUPPE | Weck, Aeby et Cie SA | Fribourg - Lausanne","description":"Als Gruppe besteht WECK-AEBY aus vier spezialisierten Unternehmen: WECK, AEBY & CIE SA, PRIVAMOB SA, WA RISK MANAGEMENT SA, WA D\u00c9VELOPPEMENT SA.","robots":{"index":"index","follow":"follow","max-snippet":"max-snippet:-1","max-image-preview":"max-image-preview:large","max-video-preview":"max-video-preview:-1"},"canonical":"http:\/\/www.weck-aeby.ch\/de\/ueber-uns\/die-weck-aeby-gruppe\/","og_locale":"de_DE","og_type":"article","og_title":"DIE WECK-AEBY GRUPPE | Weck, Aeby et Cie SA | Fribourg - Lausanne","og_description":"Als Gruppe besteht WECK-AEBY aus vier spezialisierten Unternehmen: WECK, AEBY & CIE SA, PRIVAMOB SA, WA RISK MANAGEMENT SA, WA D\u00c9VELOPPEMENT SA.","og_url":"http:\/\/www.weck-aeby.ch\/de\/ueber-uns\/die-weck-aeby-gruppe\/","og_site_name":"Weck, Aeby et Cie SA | Fribourg - Lausanne","article_modified_time":"2025-08-08T13:35:47+00:00","twitter_card":"summary_large_image","twitter_misc":{"Gesch\u00e4tzte Lesezeit":"3\u00a0Minuten"},"schema":{"@context":"https:\/\/schema.org","@graph":[{"@type":"WebPage","@id":"http:\/\/www.weck-aeby.ch\/de\/ueber-uns\/die-weck-aeby-gruppe\/","url":"http:\/\/www.weck-aeby.ch\/de\/ueber-uns\/die-weck-aeby-gruppe\/","name":"DIE WECK-AEBY GRUPPE | Weck, Aeby et Cie SA | Fribourg - Lausanne","isPartOf":{"@id":"https:\/\/www.weck-aeby.ch\/#website"},"datePublished":"2022-12-07T14:13:44+00:00","dateModified":"2025-08-08T13:35:47+00:00","description":"Als Gruppe besteht WECK-AEBY aus vier spezialisierten Unternehmen: WECK, AEBY & CIE SA, PRIVAMOB SA, WA RISK MANAGEMENT SA, WA D\u00c9VELOPPEMENT SA.","breadcrumb":{"@id":"http:\/\/www.weck-aeby.ch\/de\/ueber-uns\/die-weck-aeby-gruppe\/#breadcrumb"},"inLanguage":"de","potentialAction":[{"@type":"ReadAction","target":["http:\/\/www.weck-aeby.ch\/de\/ueber-uns\/die-weck-aeby-gruppe\/"]}]},{"@type":"BreadcrumbList","@id":"http:\/\/www.weck-aeby.ch\/de\/ueber-uns\/die-weck-aeby-gruppe\/#breadcrumb","itemListElement":[{"@type":"ListItem","position":1,"name":"Accueil","item":"https:\/\/www.weck-aeby.ch\/de\/"},{"@type":"ListItem","position":2,"name":"\u00dcber uns","item":"https:\/\/www.weck-aeby.ch\/de\/ueber-uns\/"},{"@type":"ListItem","position":3,"name":"DIE WECK-AEBY GRUPPE"}]},{"@type":"WebSite","@id":"https:\/\/www.weck-aeby.ch\/#website","url":"https:\/\/www.weck-aeby.ch\/","name":"Weck, Aeby et Cie SA | Fribourg - Lausanne","description":"","potentialAction":[{"@type":"SearchAction","target":{"@type":"EntryPoint","urlTemplate":"https:\/\/www.weck-aeby.ch\/?s={search_term_string}"},"query-input":{"@type":"PropertyValueSpecification","valueRequired":true,"valueName":"search_term_string"}}],"inLanguage":"de"}]}},"_links":{"self":[{"href":"https:\/\/www.weck-aeby.ch\/de\/wp-json\/wp\/v2\/pages\/377","targetHints":{"allow":["GET"]}}],"collection":[{"href":"https:\/\/www.weck-aeby.ch\/de\/wp-json\/wp\/v2\/pages"}],"about":[{"href":"https:\/\/www.weck-aeby.ch\/de\/wp-json\/wp\/v2\/types\/page"}],"author":[{"embeddable":true,"href":"https:\/\/www.weck-aeby.ch\/de\/wp-json\/wp\/v2\/users\/1"}],"replies":[{"embeddable":true,"href":"https:\/\/www.weck-aeby.ch\/de\/wp-json\/wp\/v2\/comments?post=377"}],"version-history":[{"count":13,"href":"https:\/\/www.weck-aeby.ch\/de\/wp-json\/wp\/v2\/pages\/377\/revisions"}],"predecessor-version":[{"id":39206,"href":"https:\/\/www.weck-aeby.ch\/de\/wp-json\/wp\/v2\/pages\/377\/revisions\/39206"}],"up":[{"embeddable":true,"href":"https:\/\/www.weck-aeby.ch\/de\/wp-json\/wp\/v2\/pages\/371"}],"wp:attachment":[{"href":"https:\/\/www.weck-aeby.ch\/de\/wp-json\/wp\/v2\/media?parent=377"}],"curies":[{"name":"wp","href":"https:\/\/api.w.org\/{rel}","templated":true}]}}