{"id":353,"date":"2022-11-21T16:17:06","date_gmt":"2022-11-21T15:17:06","guid":{"rendered":"http:\/\/www.weck-aeby.ch\/nos-services\/"},"modified":"2023-03-15T14:30:10","modified_gmt":"2023-03-15T13:30:10","slug":"unsere-dienste","status":"publish","type":"page","link":"https:\/\/www.weck-aeby.ch\/de\/unsere-dienste\/","title":{"rendered":"Unsere Dienstleistungen"},"content":{"rendered":"<div class=\"wpb-content-wrapper\"><p>[vc_row][vc_column][vc_row_inner el_id=&#8220;gerance&#8220;][vc_column_inner width=&#8220;4\/12&#8243;][vc_column_text]<\/p>\n<h3>IMMOBILIEN-MANAGEMENT<\/h3>\n<p>[\/vc_column_text][\/vc_column_inner][vc_column_inner width=&#8220;8\/12&#8243;][vc_column_text]<\/p>\n<h4>RECHNUNGSWESEN<\/h4>\n<p>_ Einkassieren von Mieten und sonstigen Ertr\u00e4gen<br \/>\n_ \u00dcberpr\u00fcfung von Zahlungen und Mahnungen (Inkasso)<br \/>\n_ Abwicklung und Bezahlung von Lieferanten und Dienstleistern<br \/>\n_ Erstellung von Managementabschl\u00fcssen (viertelj\u00e4hrlich, halbj\u00e4hrlich, j\u00e4hrlich) nach den Bed\u00fcrfnissen des Auftraggebers<br \/>\n_ Erstellung von Heiz- und Betriebskostenabrechnungen<br \/>\n_ Umsatzsteuererkl\u00e4rungen f\u00fcr steuerpflichtige Geb\u00e4ude<\/p>\n<h4>VERMIETUNG<\/h4>\n<p>_ Kandidatensuche und -management<br \/>\n_ Erstellen von Vertr\u00e4gen<br \/>\n_ Erstellen von Vertr\u00e4gen<br \/>\n_ Besichtigungen der Mietobjekte durchf\u00fchren<br \/>\n_ Verwaltung der verf\u00fcgbaren Werbemittel und Budgets<\/p>\n<h4>ERSTVERMIETUNG<\/h4>\n<p>_ Studie und Bewertung des Projekts<br \/>\n_ Preisgestaltung und Erstellung von Mieterspiegeln<br \/>\n_ Erstellung von Mediaplan und Werbebudget<br \/>\n_ Organisation von &#8222;Tage der offenen T\u00fcren&#8220;<br \/>\n_ Ausarbeitung und Abschl\u00fcsse von Mietvertr\u00e4gen<br \/>\n_ Beauftragung der allgemeinen und spezifischen Dienstleistungen des Geb\u00e4udes<br \/>\n_ Unterst\u00fctzung des Kunden bei der Abnahme der Arbeiten<br \/>\n_ Abschluss von Wartungsvertr\u00e4gen<\/p>\n<h4>TECHNISCHER SERVICE<\/h4>\n<p>_ Routinem\u00e4ssige Geb\u00e4udewartung<br \/>\n_ Bauaufsicht und \u00dcberpr\u00fcfung des Betriebes der verschiedenen Komponenten<br \/>\n_ Uebergabe und Abnahme von Mietobjekten (Inventarisierung der Betriebsmittel)<br \/>\n_ Bestandsaufnahme der kurz-, mittel- und langfristig auszuf\u00fchrenden Arbeiten (Planung)<br \/>\n_ Entwicklung und Management von Renovierungsprojekten (Analyse, Finanzierung, Ausschreibung[\/vc_column_text][\/vc_column_inner][\/vc_row_inner][vc_row_inner el_id=&#8220;management&#8220;][vc_column_inner width=&#8220;4\/12&#8243;][vc_column_text]<\/p>\n<h3>center management<\/h3>\n<p>[\/vc_column_text][\/vc_column_inner][vc_column_inner width=&#8220;8\/12&#8243;][vc_column_text]_ Entwicklung und Umsetzung von Betriebs-, Sicherheits- und Energiemanagementkonzepten<br \/>\n_ Definition von Aktivit\u00e4tszonen und Verteilung der Funktionen auf die Beteiligten<br \/>\n_ Entwicklung und Implementierung von gemeinsamen und spezifischen Kostenverteilungsschl\u00fcsseln<br \/>\n_ Gr\u00fcndung von Handelsverb\u00e4nden und Beteiligung an der F\u00f6rderung von Einkaufszentren<br \/>\n_ Planung und Organisation von Er\u00f6ffnungen und Er\u00f6ffnungen von Einkaufszentren<br \/>\n_ Vermarktung und Wiedervermarktung von freien Fl\u00e4chen<br \/>\n_ Routinem\u00e4\u00dfige Geb\u00e4udewartung[\/vc_column_text][\/vc_column_inner][\/vc_row_inner][vc_row_inner el_id=&#8220;administration&#8220;][vc_column_inner width=&#8220;4\/12&#8243;][vc_column_text]<\/p>\n<h3>VERWALTUNG VON STOCKWERKEIGENTUM<\/h3>\n<p>[\/vc_column_text][\/vc_column_inner][vc_column_inner width=&#8220;8\/12&#8243;][vc_column_text]_ F\u00fchrung der Buchhaltung und Aufbewahrung von Dokumenten<br \/>\n_ Verteilung der gemeinsamen Geb\u00fchren und Ausgaben auf die Miteigent\u00fcmer<br \/>\n_ Zahlung der gemeinsamen Ausgaben (Steuern, Versicherungen, Lieferanten, Hausmeisterdienste)<br \/>\n_ Funktionskontrollen der allgemeinen Dienste der Liegenschaft<br \/>\n_ Durchf\u00fchrung von Wartungsarbeiten und routinem\u00e4ssigen Reparaturen<br \/>\n_ Vorbereitung und Pr\u00e4sentation des Budgets einschlie\u00dflich der Verwaltung des Renovierungsfonds<br \/>\n_ Einberufung und Durchf\u00fchrung von der ordentlichen und ausserordentlichen Generalversammlungen<br \/>\n_ Kontrolle der Einhaltung der Verwaltungs- und Verwendungsregeln<br \/>\n_ Vertretung der Gemeinschaft der Miteigent\u00fcmer gegen\u00fcber Dritten[\/vc_column_text][\/vc_column_inner][\/vc_row_inner][vc_row_inner el_id=&#8220;expertises&#8220;][vc_column_inner width=&#8220;4\/12&#8243;][vc_column_text]<\/p>\n<h3>expertise<\/h3>\n<p>[\/vc_column_text][\/vc_column_inner][vc_column_inner width=&#8220;8\/12&#8243;][vc_column_text]_ Sammlung von Basisdokumenten (Lageplan, Grundbuchauszug, Versicherungen, etc.)<br \/>\n_ Besuch vor Ort<br \/>\n_ Ausarbeitung einer Expertise unter Ber\u00fccksichtigung der Situation des Objekts, des Marktes und seiner Optimierungsm\u00f6glichkeiten<br \/>\n_ Gutachten werden in der Regel in Zusammenarbeit mit einem Architekten erstellt[\/vc_column_text][\/vc_column_inner][\/vc_row_inner][vc_row_inner el_id=&#8220;courtage&#8220;][vc_column_inner width=&#8220;4\/12&#8243;][vc_column_text]<\/p>\n<h3>VERMARKTUNG<\/h3>\n<p>[\/vc_column_text][\/vc_column_inner][vc_column_inner width=&#8220;8\/12&#8243;][vc_column_text]F\u00fcr Wohnungen, H\u00e4user oder Liegenschaften:<br \/>\n_ Analyse und Beratung beim Verkauf der Immobilie<br \/>\n_ Erstellung einer Verkaufsbrosch\u00fcre<br \/>\n_ Entwicklung eines Werbebudgets und Verwaltung des Vertriebes in der Presse und\/oder \u00fcber das Internet<br \/>\n_ Personalisierte Besuche und\/oder Tag der offenen T\u00fcren<br \/>\n_ Unterst\u00fctzung des K\u00e4ufers beim Finanzierungsverfahren<br \/>\n_ Bericht \u00fcber die getroffenen Massnahmen[\/vc_column_text][\/vc_column_inner][\/vc_row_inner][\/vc_column][\/vc_row]<\/p>\n<\/div>","protected":false},"excerpt":{"rendered":"<p>[vc_row][vc_column][vc_row_inner el_id=&#8220;gerance&#8220;][vc_column_inner width=&#8220;4\/12&#8243;][vc_column_text] IMMOBILIEN-MANAGEMENT [\/vc_column_text][\/vc_column_inner][vc_column_inner width=&#8220;8\/12&#8243;][vc_column_text] RECHNUNGSWESEN _ Einkassieren von Mieten und sonstigen Ertr\u00e4gen _ \u00dcberpr\u00fcfung von Zahlungen und Mahnungen (Inkasso) _ Abwicklung und Bezahlung von Lieferanten und Dienstleistern _ Erstellung von Managementabschl\u00fcssen (viertelj\u00e4hrlich, halbj\u00e4hrlich, j\u00e4hrlich) nach den Bed\u00fcrfnissen des Auftraggebers _ Erstellung von Heiz- und Betriebskostenabrechnungen _ Umsatzsteuererkl\u00e4rungen f\u00fcr steuerpflichtige Geb\u00e4ude VERMIETUNG _ Kandidatensuche [&hellip;]<\/p>\n","protected":false},"author":1,"featured_media":0,"parent":0,"menu_order":3,"comment_status":"closed","ping_status":"closed","template":"","meta":{"_acf_changed":false,"inline_featured_image":false,"footnotes":""},"class_list":["post-353","page","type-page","status-publish","hentry"],"acf":[],"yoast_head":"<!-- This site is optimized with the Yoast SEO plugin v25.8 - https:\/\/yoast.com\/wordpress\/plugins\/seo\/ -->\n<title>Unsere Dienstleistungen | Weck, Aeby et Cie SA | Fribourg - Lausanne<\/title>\n<meta name=\"description\" content=\"\u00a0WECK, AEBY &amp; CIE SA ist verantwortlich f\u00fcr die gesamte Immobilienverwaltung, -vermittlung und STWEG verwaltung.\" \/>\n<meta name=\"robots\" content=\"index, follow, max-snippet:-1, max-image-preview:large, max-video-preview:-1\" \/>\n<link rel=\"canonical\" href=\"http:\/\/www.weck-aeby.ch\/de\/unsere-dienste\/\" \/>\n<meta property=\"og:locale\" content=\"de_DE\" \/>\n<meta property=\"og:type\" content=\"article\" \/>\n<meta property=\"og:title\" content=\"Unsere Dienstleistungen | Weck, Aeby et Cie SA | Fribourg - Lausanne\" \/>\n<meta property=\"og:description\" content=\"\u00a0WECK, AEBY &amp; CIE SA ist verantwortlich f\u00fcr die gesamte Immobilienverwaltung, -vermittlung und STWEG verwaltung.\" \/>\n<meta property=\"og:url\" content=\"http:\/\/www.weck-aeby.ch\/de\/unsere-dienste\/\" \/>\n<meta property=\"og:site_name\" content=\"Weck, Aeby et Cie SA | Fribourg - Lausanne\" \/>\n<meta property=\"article:modified_time\" content=\"2023-03-15T13:30:10+00:00\" \/>\n<meta name=\"twitter:card\" content=\"summary_large_image\" \/>\n<meta name=\"twitter:label1\" content=\"Gesch\u00e4tzte Lesezeit\" \/>\n\t<meta name=\"twitter:data1\" content=\"2\u00a0Minuten\" \/>\n<script type=\"application\/ld+json\" class=\"yoast-schema-graph\">{\"@context\":\"https:\/\/schema.org\",\"@graph\":[{\"@type\":\"WebPage\",\"@id\":\"http:\/\/www.weck-aeby.ch\/de\/unsere-dienste\/\",\"url\":\"http:\/\/www.weck-aeby.ch\/de\/unsere-dienste\/\",\"name\":\"Unsere Dienstleistungen | Weck, Aeby et Cie SA | Fribourg - Lausanne\",\"isPartOf\":{\"@id\":\"https:\/\/www.weck-aeby.ch\/#website\"},\"datePublished\":\"2022-11-21T15:17:06+00:00\",\"dateModified\":\"2023-03-15T13:30:10+00:00\",\"description\":\"\u00a0WECK, AEBY & CIE SA ist verantwortlich f\u00fcr die gesamte Immobilienverwaltung, -vermittlung und STWEG verwaltung.\",\"breadcrumb\":{\"@id\":\"http:\/\/www.weck-aeby.ch\/de\/unsere-dienste\/#breadcrumb\"},\"inLanguage\":\"de\",\"potentialAction\":[{\"@type\":\"ReadAction\",\"target\":[\"http:\/\/www.weck-aeby.ch\/de\/unsere-dienste\/\"]}]},{\"@type\":\"BreadcrumbList\",\"@id\":\"http:\/\/www.weck-aeby.ch\/de\/unsere-dienste\/#breadcrumb\",\"itemListElement\":[{\"@type\":\"ListItem\",\"position\":1,\"name\":\"Accueil\",\"item\":\"http:\/\/www.weck-aeby.ch\/de\/\"},{\"@type\":\"ListItem\",\"position\":2,\"name\":\"Unsere Dienstleistungen\"}]},{\"@type\":\"WebSite\",\"@id\":\"https:\/\/www.weck-aeby.ch\/#website\",\"url\":\"https:\/\/www.weck-aeby.ch\/\",\"name\":\"Weck, Aeby et Cie SA | Fribourg - Lausanne\",\"description\":\"\",\"potentialAction\":[{\"@type\":\"SearchAction\",\"target\":{\"@type\":\"EntryPoint\",\"urlTemplate\":\"https:\/\/www.weck-aeby.ch\/?s={search_term_string}\"},\"query-input\":{\"@type\":\"PropertyValueSpecification\",\"valueRequired\":true,\"valueName\":\"search_term_string\"}}],\"inLanguage\":\"de\"}]}<\/script>\n<!-- \/ Yoast SEO plugin. -->","yoast_head_json":{"title":"Unsere Dienstleistungen | Weck, Aeby et Cie SA | Fribourg - Lausanne","description":"\u00a0WECK, AEBY & CIE SA ist verantwortlich f\u00fcr die gesamte Immobilienverwaltung, -vermittlung und STWEG verwaltung.","robots":{"index":"index","follow":"follow","max-snippet":"max-snippet:-1","max-image-preview":"max-image-preview:large","max-video-preview":"max-video-preview:-1"},"canonical":"http:\/\/www.weck-aeby.ch\/de\/unsere-dienste\/","og_locale":"de_DE","og_type":"article","og_title":"Unsere Dienstleistungen | Weck, Aeby et Cie SA | Fribourg - Lausanne","og_description":"\u00a0WECK, AEBY & CIE SA ist verantwortlich f\u00fcr die gesamte Immobilienverwaltung, -vermittlung und STWEG verwaltung.","og_url":"http:\/\/www.weck-aeby.ch\/de\/unsere-dienste\/","og_site_name":"Weck, Aeby et Cie SA | Fribourg - Lausanne","article_modified_time":"2023-03-15T13:30:10+00:00","twitter_card":"summary_large_image","twitter_misc":{"Gesch\u00e4tzte Lesezeit":"2\u00a0Minuten"},"schema":{"@context":"https:\/\/schema.org","@graph":[{"@type":"WebPage","@id":"http:\/\/www.weck-aeby.ch\/de\/unsere-dienste\/","url":"http:\/\/www.weck-aeby.ch\/de\/unsere-dienste\/","name":"Unsere Dienstleistungen | Weck, Aeby et Cie SA | Fribourg - Lausanne","isPartOf":{"@id":"https:\/\/www.weck-aeby.ch\/#website"},"datePublished":"2022-11-21T15:17:06+00:00","dateModified":"2023-03-15T13:30:10+00:00","description":"\u00a0WECK, AEBY & CIE SA ist verantwortlich f\u00fcr die gesamte Immobilienverwaltung, -vermittlung und STWEG verwaltung.","breadcrumb":{"@id":"http:\/\/www.weck-aeby.ch\/de\/unsere-dienste\/#breadcrumb"},"inLanguage":"de","potentialAction":[{"@type":"ReadAction","target":["http:\/\/www.weck-aeby.ch\/de\/unsere-dienste\/"]}]},{"@type":"BreadcrumbList","@id":"http:\/\/www.weck-aeby.ch\/de\/unsere-dienste\/#breadcrumb","itemListElement":[{"@type":"ListItem","position":1,"name":"Accueil","item":"http:\/\/www.weck-aeby.ch\/de\/"},{"@type":"ListItem","position":2,"name":"Unsere Dienstleistungen"}]},{"@type":"WebSite","@id":"https:\/\/www.weck-aeby.ch\/#website","url":"https:\/\/www.weck-aeby.ch\/","name":"Weck, Aeby et Cie SA | Fribourg - Lausanne","description":"","potentialAction":[{"@type":"SearchAction","target":{"@type":"EntryPoint","urlTemplate":"https:\/\/www.weck-aeby.ch\/?s={search_term_string}"},"query-input":{"@type":"PropertyValueSpecification","valueRequired":true,"valueName":"search_term_string"}}],"inLanguage":"de"}]}},"_links":{"self":[{"href":"https:\/\/www.weck-aeby.ch\/de\/wp-json\/wp\/v2\/pages\/353","targetHints":{"allow":["GET"]}}],"collection":[{"href":"https:\/\/www.weck-aeby.ch\/de\/wp-json\/wp\/v2\/pages"}],"about":[{"href":"https:\/\/www.weck-aeby.ch\/de\/wp-json\/wp\/v2\/types\/page"}],"author":[{"embeddable":true,"href":"https:\/\/www.weck-aeby.ch\/de\/wp-json\/wp\/v2\/users\/1"}],"replies":[{"embeddable":true,"href":"https:\/\/www.weck-aeby.ch\/de\/wp-json\/wp\/v2\/comments?post=353"}],"version-history":[{"count":15,"href":"https:\/\/www.weck-aeby.ch\/de\/wp-json\/wp\/v2\/pages\/353\/revisions"}],"predecessor-version":[{"id":1309,"href":"https:\/\/www.weck-aeby.ch\/de\/wp-json\/wp\/v2\/pages\/353\/revisions\/1309"}],"wp:attachment":[{"href":"https:\/\/www.weck-aeby.ch\/de\/wp-json\/wp\/v2\/media?parent=353"}],"curies":[{"name":"wp","href":"https:\/\/api.w.org\/{rel}","templated":true}]}}